{"id":2717,"date":"2021-02-08T19:13:06","date_gmt":"2021-02-08T17:13:06","guid":{"rendered":"https:\/\/illadelstrails.com\/?page_id=2717"},"modified":"2026-02-17T14:19:03","modified_gmt":"2026-02-17T12:19:03","slug":"reglamento-trail-del-nord","status":"publish","type":"page","link":"https:\/\/illadelstrails.com\/ca\/reglamento-trail-del-nord\/","title":{"rendered":"Reglament"},"content":{"rendered":"<p><strong><span style=\"color: #b8cd25;\">Art 1.-<\/span><\/strong>El Trail del Nord est\u00e0 organitzat per Elitechip SL.<\/p>\n<p><span style=\"color: #b8cd25;\"><strong>Art 2.- <\/strong><\/span>El Trail del Nord es disputar\u00e0 el 14 de mar\u00e7 de 2026 i constar\u00e0 de 2 proves, la Trail del Nord (30 km) amb sortida des del creuament del Cam\u00ed de Tramuntana al cam\u00ed que va a Binimel\u00b7la i la Trail del Nord Popular (14 km) amb sortida des del p\u00e0rquing de Cala Pilar. Totes les arribades seran a Ferreries.<\/p>\n<p><strong><span style=\"color: #b8cd25;\">Art 3.- <\/span><\/strong>La inscripci\u00f3 a la prova implica l&#8217;acceptaci\u00f3 total d&#8217;aquest reglament. Les inscripcions s&#8217;obriran el 28 d&#8217;octubre de 2025 i es tancaran el 14 de febrer de 2026 amb la intenci\u00f3 de poder oferir una millor organitzaci\u00f3 de l&#8217;esdeveniment, o en aconseguir les inscripcions ofertes per dist\u00e0ncia. El present reglament ser\u00e0 d&#8217;estricte compliment per a tots els participants del Trail del Nord.<\/p>\n<p><strong>El preu de les inscripcions ser\u00e0:<\/strong><\/p>\n<p><strong><span style=\"color: #b8cd25;\">Trail del Nord &#8211; 30KM<\/span><\/strong><\/p>\n<ul>\n<li>30 \u20ac de la primera inscripci\u00f3 a la 200 entre totes les dist\u00e0ncies.<\/li>\n<li>38 \u20ac de la inscripci\u00f3 201 a la 500 entre totes les dist\u00e0ncies.<\/li>\n<li>44 \u20ac de la inscripci\u00f3 501 a la 1000 entre totes les dist\u00e0ncies.<\/li>\n<\/ul>\n<p><strong><span style=\"color: #b8cd25;\">Trail del Nord Popular &#8211; 14KM<\/span><\/strong><\/p>\n<ul>\n<li style=\"list-style-type: none;\">\n<ul>\n<li>21* \u20ac de la primera inscripci\u00f3 a la 200 entre totes les dist\u00e0ncies.<\/li>\n<li>31* \u20ac de la inscripci\u00f3 201 a la 500 entre totes les dist\u00e0ncies.<\/li>\n<li>37* \u20ac de la inscripci\u00f3 501 a la 1000 entre totes les dist\u00e0ncies.<\/li>\n<\/ul>\n<\/li>\n<\/ul>\n<p>* Despeses de gesti\u00f3 no incloses.<\/p>\n<p><strong><span style=\"color: #b8cd25;\">Art 5.-<\/span> La inscripci\u00f3 finalitza el 14 de febrer de 2026 o en cobrir totes les inscripcions disponibles. Per a les inscripcions a partir del 10 de febrer no es podr\u00e0 garantir la pe\u00e7a &#8220;finisher&#8221; inicial, podent-se canviar per un altre disseny.<\/strong><\/p>\n<p><span style=\"color: #b8cd25;\"><strong>Art 6.- <\/strong><\/span>Els atletes no federats a la Federaci\u00f3 Balear d&#8217;Atletisme hauran de contractar un asseguran\u00e7a d&#8217;un dia per la prova que oferim en el proc\u00e9s d&#8217;inscripci\u00f3 o en el moment de la retirada del dorsal. El cost de l&#8217;asseguran\u00e7a \u00e9s de 5\u20ac.<\/p>\n<p><strong><span style=\"color: #b8cd25;\">Art 7.- <\/span><\/strong>La participaci\u00f3 estar\u00e0 oberta a totes aquelles persones que formalitzin correctament tant la INSCRIPCI\u00d3 com el pagament relacionat amb la modalitat de cursa. L&#8217;edat m\u00ednima de participaci\u00f3 ser\u00e0 de 18 anys complerts el mateix dia de la prova i no es permet la participaci\u00f3 a cap menor d&#8217;edat per a la Trail del Nord. En el cas de la Trail del Nord Popular, els participants, com a m\u00ednim, han de tenir complerts els 16 anys el mateix dia de la prova amb autoritzaci\u00f3 paterna degudament emplenada i lliurada en l&#8217;entrega de dorsals. L&#8217;\u00fas de bastons estar\u00e0 perm\u00e8s \u00fanicament amb l&#8217;\u00fas de puntes de goma o taps a les puntes.<\/p>\n<p><span style=\"color: #b8cd25;\"><strong>Art 8.-<\/strong><\/span>\u00a0\u00a0<strong>La inscripci\u00f3 inclou:<\/strong><\/p>\n<ul>\n<li>Participaci\u00f3 a la prova.<\/li>\n<li>Obsequi regal de la prova.<\/li>\n<li>Avituallament durant i al final de la prova.<\/li>\n<li>Seguiment en l\u00ednia a trav\u00e9s dels punts de control.<\/li>\n<li>Medalla de &#8220;finisher&#8221;.<\/li>\n<li>Servei d&#8217;autob\u00fas de trasllat des de Ferreries fins a les sortides de les dues dist\u00e0ncies.<\/li>\n<li>Servei de guarda-roba.<\/li>\n<\/ul>\n<p><span style=\"color: #b8cd25;\"><strong>Art 9.-<\/strong><\/span>\u00a0Sancions:<br \/>\nEl corredor del\u00a0Trail\u00a0del\u00a0Nord\u00a0haur\u00e0 de portar el dorsal facilitat per l&#8217;organitzaci\u00f3 en tot moment, en un lloc visible en la part davantera, no podent ser retallat, doblegat ni modificat. L&#8217;INCOMPLIMENT D&#8217;AQUEST PUNT, IMPLICAR\u00c0 UNA SANCI\u00d3 IMMEDIATA Al CORREDOR.<\/p>\n<p>Sortir del tra\u00e7at per a escur\u00e7ar dist\u00e0ncies:<\/p>\n<ul>\n<li>Primera sanci\u00f3: 15 minuts<\/li>\n<li>Segona sanci\u00f3: 30 minuts<\/li>\n<li>Tercera sanci\u00f3: Descalificaci\u00f3<\/li>\n<\/ul>\n<p>Tirar qualsevol tipus d&#8217;escombraries, trobar restes amb el n\u00famero de dorsal o no portar el n\u00famero de dorsal apuntat en els embolcalls de barretes i gels:<\/p>\n<ul>\n<li>Primera sanci\u00f3: 30 minuts<\/li>\n<li>Segona sanci\u00f3: 1 hora<\/li>\n<li>Tercera sanci\u00f3: Descalificaci\u00f3<\/li>\n<\/ul>\n<p>C\u00f3rrer en qualsevol moment acompanyat d&#8217;alguna persona sense dorsal implicar\u00e0 la DESQUALIFICACI\u00d3 IMMEDIATA.<\/p>\n<p><span style=\"color: #b8cd25;\"><strong>Art 10.- <\/strong><\/span>Entrega de dorsals:<\/p>\n<p>S&#8217;efectuar\u00e0 en els dies previs en els centres esportius que gestiona l&#8217;empresa Biosport Menorca. <a href=\"https:\/\/illadelstrails.com\/ca\/programa-trail-del-nord\/\">Aqu\u00ed pots consultar el programa i els dies.<\/a><\/p>\n<p>Tamb\u00e9 es far\u00e0 l&#8217;entrega de dorsals al Poliesportiu de Santa \u00c0gueda de Ferreries el dia 14 de mar\u00e7 de 9 a 12.15 hores.<\/p>\n<p>Es far\u00e0 un petit &#8220;briefing&#8221; a l&#8217;inici de cada prova.<\/p>\n<p><span style=\"color: #b8cd25;\"><strong>Art 11.-<\/strong><\/span> La prova estar\u00e0 controlada de manera electr\u00f2nica mitjan\u00e7ant el sistema de xip de\u00a0MyLaps. Tots els participants que no posseeixin un xip groc l&#8217;hauran d&#8217;adquirir un xip reutilitzable (3\u20ac per xip). En el proc\u00e9s d&#8217;inscripci\u00f3 s&#8217;ofereix aquesta possibilitat. Els participants hauran de portar el xip durant tot el recorregut, situant-lo la sabatilla del corredor, ja que, en el cas contrari, les lectures dels temps no es realitzaran correctament. L&#8217;organitzaci\u00f3 situar\u00e0 controls al llarg de la carrera per a assegurar-se que els corredors completin el recorregut, a m\u00e9s de registrar els temps de de cadascun.<\/p>\n<p><span style=\"color: #b8cd25;\"><strong>Art 12.-<\/strong><\/span> Cancel\u00b7lacions i modificacions de la inscripci\u00f3Nom\u00e9s s&#8217;admetran cancel\u00b7lacions a la prova als participants inscrits que ho comuniquin com a m\u00e0xim abans que quedin 7 dies per a la celebraci\u00f3 de la prova, enviant un correu a <strong>contacto@elitechip.net<\/strong>. Nom\u00e9s es podr\u00e0 traslladar la inscripci\u00f3 a l&#8217;edici\u00f3 seg\u00fcent amb un cost de 3 euros per gesti\u00f3.<\/p>\n<p>En cas que la prova hagi de suspendre&#8217;s, cancel\u00b7lar-se o no pugui celebrar-se per factors externs inherents a l&#8217;organitzaci\u00f3, com ara alerta taronja o vermella per motius meteorol\u00f2gics, raons sanit\u00e0ries, pand\u00e8mies, denegacions d&#8217;autoritzacions o que els serveis d&#8217;emerg\u00e8ncia no puguin cobrir la prova per altres emerg\u00e8ncies greus, com ara un incendi o una inundaci\u00f3, o b\u00e9 que el tra\u00e7at del Cam\u00ed de Cavalls no pugui utilitzar-se per motius com un incendi forestal (caiguda d&#8217;arbres, inundacions, etc.), l&#8217;organitzaci\u00f3 es reserva el dret de modificar recorreguts, anul\u00b7lar trams o simplement cancel\u00b7lar la prova, sense dret a cap indemnitzaci\u00f3 o devoluci\u00f3 dels imports d&#8217;inscripci\u00f3 per part de l&#8217;organitzaci\u00f3. Tot i aix\u00f2, l&#8217;organitzaci\u00f3 intentar\u00e0 oferir les millors alternatives en casos extrems i molt poc probables com els exposats.<\/p>\n<p><span style=\"color: #b8cd25;\"><strong>Art 13.-<\/strong><\/span> Cessi\u00f3 de dorsal<br \/>\nEs permetran cessions de dorsals fins al dia 28 de febrer de 2026. El cost de les cessions ser\u00e0 de 15 \u20ac, independentment de si hi ha canvi de dist\u00e0ncia.<br \/>\nEn el cas que el nou participant desitgi participar en una dist\u00e0ncia superior, a part del cost de cessi\u00f3 de dorsal haur\u00e0 d&#8217;abonar la difer\u00e8ncia de preu de la dist\u00e0ncia.<br \/>\nEn el cas que el nou participant desitgi participar en una dist\u00e0ncia menor, haur\u00e0 d&#8217;abonar el cost de cessi\u00f3 de dorsal, i nom\u00e9s es retornar\u00e0 la difer\u00e8ncia dels imports en sol\u00b7licituds entrades abans del dia 28 de febrer de 2026.<\/p>\n<p><span style=\"color: #b8cd25;\"><strong>Art 14.-<\/strong><\/span> Canvis de dist\u00e0ncia.<br \/>\nEs permetran canvis de dist\u00e0ncia a totes les proves fins al dia 28 de febrer de 2026, amb un cost de gesti\u00f3 de 10 \u20ac.<br \/>\nEn el cas que el participant desitgi participar en una dist\u00e0ncia superior, a m\u00e9s del cost dels tr\u00e0mits de canvi de dist\u00e0ncia, haur\u00e0 d&#8217;abonar la difer\u00e8ncia de preu de la dist\u00e0ncia.<br \/>\nEn el cas que el participant desitgi participar en una dist\u00e0ncia menor, haur\u00e0 d&#8217;abonar el cost dels tr\u00e0mits de gesti\u00f3, i nom\u00e9s es retornar\u00e0 la difer\u00e8ncia dels imports en sol\u00b7licituds presentades abans del dia 28 de febrer de 2025.<\/p>\n<p><span style=\"color: #b8cd25;\"><strong>Art 15.-<\/strong><\/span> El recorregut de la carrera estar\u00e0 senyalitzat amb les fites del\u00a0GR-223\u00a0en el tram que discorrer\u00e0 pel\u00a0Cami\u00a0de\u00a0Cavalls, i cintes d&#8217;abalisament juntament amb fletxes en els camins p\u00fablics i privats pels quals passi la carrera.<br \/>\n<strong><br \/>\n<span style=\"color: #b8cd25;\">Art 16.-<\/span><\/strong> Qualsevol corredor que abandoni la prova durant el transcurs d&#8217;aquesta, haur\u00e0 d&#8217;abandonar en un avituallament i fer lliurament del dorsal, en cas que no es retiri en un punt d&#8217;avituallament est\u00e0 OBLIGAT a avisar a l&#8217;organitzaci\u00f3.<br \/>\n<strong><br \/>\n<span style=\"color: #b8cd25;\">Art 17.-<\/span><\/strong> L&#8217;organitzaci\u00f3 posar\u00e0 a la disposici\u00f3 de tots els participants diversos avituallaments repartits en tot el recorregut amb aigua, isot\u00f2nic, menjar i fruita, a m\u00e9s d&#8217;altres productes que pugui posar l&#8217;organitzaci\u00f3. Cada corredor haur\u00e0 de portar el seu propi got ja que per a minimitzar l&#8217;impacte ambiental no se serviran gots en els avituallaments.<\/p>\n<p><span style=\"color: #b8cd25;\"><strong>Art 18.-<\/strong><\/span> Est\u00e0 totalment prohibit rebre ajuda externa o avituallament durant el desenvolupament de la prova fora dels punts disposats per l&#8217;organitzaci\u00f3, en els avituallaments. Durant el transcurs de la carrera, els participants hauran de fer cas als membres de l&#8217;organitzaci\u00f3 de la prova en tot moment. El no compliment d&#8217;aquest punt implicar\u00e0 la desqualificaci\u00f3 immediata.<\/p>\n<p><span style=\"color: #b8cd25;\"><strong>Art 19.-<\/strong><\/span> L&#8217;organitzaci\u00f3 podr\u00e0 utilitzar imatges, v\u00eddeos i so dels participants durant la prova, incloent moments previs i posteriors, dels de la recollida de dorsals, lliurament de premis i trasllat dels participants i sense cap l\u00edmit temporal per a utilitzar-los.<\/p>\n<p><span style=\"color: #b8cd25;\"><strong>Art 20.-<\/strong><\/span> Qualsevol atleta que vulgui fer una reclamaci\u00f3 haur\u00e0 de presentar-la per escrit amb una fian\u00e7a de 50 \u20ac, perqu\u00e8 sigui admesa a tr\u00e0mit, la fian\u00e7a nom\u00e9s ser\u00e0 retornada en el cas que aquesta reclamaci\u00f3 sigui favorable al reclamant.<\/p>\n<p><span style=\"color: #b8cd25;\"><strong>Art 21.-<\/strong><\/span> El temps l\u00edmit per finalitzar la Trail del Nord ser\u00e0 de 6 hores. La resta de les proves estaran subjectes al temps de tall de la Trail del Nord. El participant que en algun control superi el temps de tall ser\u00e0 retirat. En cas de voler continuar la prova, haur\u00e0 de lliurar el dorsal i seguir sota la seva pr\u00f2pia responsabilitat.<\/p>\n<p>El temps de tall de carrera per a la\u00a0Trail\u00a0del\u00a0Nord\u00a0(la resta de les proves estaran subjectes a aquests temps de tall):<\/p>\n<ul>\n<li>Avituallament 1, p\u00e0rquing Cala Pilar 14 KM \u00a02:30 hores de cursa<\/li>\n<li>Avituallament 2 i 3, baixada de Santa \u00c0gueda 21 KM * 4:00 hores de cursa<\/li>\n<li>META escola CEIP Castell de Santa \u00c0gueda \u2013 30 KM \u00a06 hores de cursa<\/li>\n<\/ul>\n<p><span style=\"color: #b8cd25;\"><strong>Art 22.-<\/strong><\/span> Els horaris de sortida de les proves seran els seg\u00fcents:<\/p>\n<ul>\n<li>Trail del Nord 30KM sortida a les 13.30 hores des del cam\u00ed de Binimel\u00b7la. <a href=\"https:\/\/www.google.es\/maps\/place\/40%C2%B002'03.9%22N+4%C2%B003'06.9%22E\/@40.034413,4.0493521,607m\/data=!3m2!1e3!4b1!4m10!1m5!3m4!2zMznCsDU5JzAwLjEiTiA0wrAwMCczOS40IkU!8m2!3d39.9833611!4d4.0109444!3m3!8m2!3d40.034413!4d4.051927?entry=ttu&amp;g_ep=EgoyMDI0MTAxNi4wIKXMDSoASAFQAw%3D%3D\">Aqu\u00ed.<\/a><\/li>\n<li>Trail del Nord 14KM sortida a les 16.00 hores des del parking de Cala Pilar. <a href=\"https:\/\/www.google.es\/maps\/place\/%5BP%5D+Aparcament+Cala+del+Pilar\/@40.035825,3.9701921,607m\/data=!3m1!1e3!4m14!1m7!3m6!1s0x12be1bcca895d2a9:0x8c0ae73c04bb6a74!2s%5BP%5D+Aparcament+Cala+del+Pilar!8m2!3d40.035825!4d3.972767!16s%2Fg%2F11fx8_1svg!3m5!1s0x12be1bcca895d2a9:0x8c0ae73c04bb6a74!8m2!3d40.035825!4d3.972767!16s%2Fg%2F11fx8_1svg?entry=ttu&amp;g_ep=EgoyMDI0MTAxNi4wIKXMDSoASAFQAw%3D%3D\">Aqu\u00ed.\u00a0<\/a><\/li>\n<li>En cada sortida hi haur\u00e0 servei de guarda-roba i les bosses es retornaran a la zona de meta.<\/li>\n<\/ul>\n<p><span style=\"color: #b8cd25;\"><strong>Art 23.-<\/strong><\/span> Per a poder participar l&#8217;organitzaci\u00f3 estableix un material obligatori que cada atleta haur\u00e0 de portar per la Trail del Nord &#8211; 30KM:<\/p>\n<ul>\n<li style=\"list-style-type: none;\">\n<ul>\n<li>Sistema d&#8217;hidrataci\u00f3 amb capacitat m\u00ednima de 0,50 L plena en el moment de sortida (no es lliuraran gots en els avituallaments a fi de reduir residus).<\/li>\n<li>Tel\u00e8fon m\u00f2bil amb saldo i bateria<\/li>\n<li>Paravents o jaqueta impermeable.<\/li>\n<li>El n\u00famero de dorsal en tots els gels i barretes de cada participant.<\/li>\n<li>Manta t\u00e8rmica.<\/li>\n<li>Dorsal i xip<\/li>\n<\/ul>\n<p>Per a la carrera de 14KM, el material obligatori ser\u00e0:<\/p>\n<ul>\n<li>Tel\u00e8fon m\u00f2bil amb saldo i bateria.<\/li>\n<li>El El n\u00famero de dorsal en tots els gels i barretes de cada participant, si els porta.<\/li>\n<li>Dorsal i xip.<\/li>\n<\/ul>\n<\/li>\n<\/ul>\n<p>&nbsp;<\/p>\n<ul>\n<li style=\"list-style-type: none;\">\n<ul>\n<li><strong>KIT FR\u00cdO: <\/strong>L\u2019organitzaci\u00f3 pot comunicar per email i en el seu perfil d&#8217;Instagram @IlladelsTrails l&#8217;\u00faltim divendres abans de la carrera si s&#8217;activa el KIT FRED, que obligar\u00e0 els participants de totes les categories a portar, a m\u00e9s de l&#8217;anterior, el seg\u00fcent material de manera obligat\u00f2ria:\n<ul>\n<li>Manta t\u00e8rmica<\/li>\n<li>Paravents o jaqueta impermeable.<\/li>\n<li>** Abans\u00a0de la sortida de la prova es realitzar\u00e0 un control del material obligatori.<\/li>\n<\/ul>\n<\/li>\n<\/ul>\n<\/li>\n<\/ul>\n<p><span style=\"color: #b8cd25;\"><strong>Art 24.-<\/strong><\/span> Les categories de la cursa seran:<br \/>\n<strong><span style=\"color: #b8cd25;\">Trail del Nord &#8211; 30KM<\/span><\/strong><\/p>\n<ul>\n<li>Absolut Mascul\u00ed i Femen\u00ed<\/li>\n<li>S\u00e9nior Mascul\u00ed i Femen\u00ed<\/li>\n<li>Veterans M-40 i Veteranes F-40<\/li>\n<li>Veterans M50 i Veteranes F-50<\/li>\n<\/ul>\n<p><span style=\"color: #b8cd25;\">Trail del Nord Popular &#8211; 14 KM\u00a0<\/span><\/p>\n<ul>\n<li>Absolut Mascul\u00ed i Femen\u00ed<\/li>\n<\/ul>\n<p>El lliurament de premis es dur\u00e0 a terme a les 18:00 hores, una vegada finalitzada la cursa, a la zona d&#8217;arribada situada al Poliesportiu Municipal de Ferreries.<\/p>\n<p><span style=\"color: #b8cd25;\"><strong>Art 25.-<\/strong><\/span> El bus est\u00e0 incl\u00f2s en el preu d&#8217;inscripci\u00f3. El servei d&#8217;autob\u00fas fins a la l\u00ednia de sortida es concentrar\u00e0 al Poliesportiu Municipal de Ferreries. Aquests \u00e9s l&#8217;horari de sortida.<\/p>\n<ul>\n<li>Trail del Nord &#8211; 30KM a les 12.15 hores.<\/li>\n<li>Trail del Nord Popular &#8211; 14KM a les 14.45 hores.<\/li>\n<\/ul>\n<p><span style=\"color: #b8cd25;\"><strong>Art 26.-<\/strong><\/span> En cas de no poder disputar la prova o cancel\u00b7lar la inscripci\u00f3, l&#8217;organitzaci\u00f3 reservar\u00e0 una pla\u00e7a per a l&#8217;edici\u00f3 de l&#8217;any seg\u00fcent. En cap cas es retornar\u00e0 la inscripci\u00f3 parcial o completa. Els participants que sol\u00b7licitin un canvi d&#8217;inscripci\u00f3 per a l&#8217;any seg\u00fcent hauran de notificar-ho com a m\u00e0xim set dies abans de la celebraci\u00f3 de la prova. Si es notifica quan queden menys de set dies per a la prova, no es podr\u00e0 fer el canvi per cap motiu.<\/p>\n<p><span style=\"color: #b8cd25;\"><strong>Art 27.-<\/strong><\/span>\u00a0<strong>Normes AMBIENTALS:<\/strong> La participaci\u00f3 en la prova implica el coneixement i l&#8217;acceptaci\u00f3 d&#8217;aquestes normes de car\u00e0cter especial cap al medi ambient:<br \/>\nUna part de la prova es desenvolupa a l&#8217;interior d&#8217;espais protegits que alberguen una flora i una fauna sensible i vulnerable i en la qual els participants han d&#8217;actuar amb cura i responsabilitat.<\/p>\n<p>A aquestes zones NO ES POT:<\/p>\n<ul>\n<li>Utilitzar cap mena d&#8217;element sonor que pugui produir sorolls estridents.<\/li>\n<li>Sortir del tra\u00e7at marcat.<\/li>\n<li>Cridar o emetre sons o sorolls forts.<\/li>\n<li>Est\u00e0 prohibit tirar envasos, embolcalls i qualsevol tipus d&#8217;escombraries o resta. Cada participant haur\u00e0 de senyalitzar els seus gels, barretes, etc. amb el seu n\u00famero del dorsal. Si es troba un embolcall, el corredor podr\u00e0 ser sancionat.<\/li>\n<li>L&#8217;\u00fas de bastons estar\u00e0 perm\u00e8s \u00fanicament amb l&#8217;\u00fas de puntes de goma o taps en les puntes.<\/li>\n<\/ul>\n<ul>\n<li style=\"list-style-type: none;\"><\/li>\n<\/ul>\n<p><\/p>","protected":false},"excerpt":{"rendered":"<p>Art 1.-El Trail del Nord est\u00e0 organitzat per Elitechip SL. Art 2.- El Trail del Nord es disputar\u00e0 el 14 de mar\u00e7 de 2026 i constar\u00e0 de 2 proves, la Trail del Nord (30 km) amb sortida des del creuament del Cam\u00ed de Tramuntana al cam\u00ed que va a Binimel\u00b7la i la Trail del Nord [&hellip;]<\/p>\n","protected":false},"author":1,"featured_media":0,"parent":0,"menu_order":0,"comment_status":"closed","ping_status":"closed","template":"","meta":{"spay_email":"","footnotes":""},"class_list":["post-2717","page","type-page","status-publish","hentry"],"acf":[],"jetpack-related-posts":[{"id":2715,"url":"https:\/\/illadelstrails.com\/ca\/programa-trail-del-nord\/","url_meta":{"origin":2717,"position":0},"title":"Programa","date":"8 February, 2021","format":false,"excerpt":"Dimecres 11 de mar\u00e7 de 2026 Recollida de dorsals pels atletes que ho van demanar al moment de la inscripci\u00f3. Poliesportiu Municipal de Sant Lluis De 8:00 a 14:00 hores De 15:30 a 23:00 hores Poliesportiu Municipal des Mercadal De 8:00 a 13:00 hores De 16:00 a 22:00 hores Piscina\u2026","rel":"","context":"Similar post","img":{"alt_text":"","src":"","width":0,"height":0},"classes":[]},{"id":2704,"url":"https:\/\/illadelstrails.com\/ca\/carrera-trail-del-nord\/","url_meta":{"origin":2717,"position":1},"title":"Carrera","date":"8 February, 2021","format":false,"excerpt":"[vc_row full_width=\"stretch_row_content_no_spaces\" uniqid=\"5cd01026a5478\"][vc_column][\/vc_column][\/vc_row][vc_row full_width=\"stretch_row\" content_color=\"light\" css=\".vc_custom_1558330186888{padding-top: 85px !important;padding-bottom: 100px !important;}\" uniqid=\"5cd03094e1883\"][vc_column css_animation=\"fadeInLeft\" width=\"1\/2\" parallax=\"\" uniqid=\"5ce272ecf602a\"][vc_single_image image=\"2705\" img_size=\"full\"][\/vc_column][vc_column css_animation=\"fadeInRight\" width=\"1\/2\" parallax=\"\" uniqid=\"5ce272f7bc581\"][\/vc_column][\/vc_row][vc_row full_width=\"stretch_row\" background_parallax=\"on\" background_parallax_speed=\"0.8\" content_color=\"light\" bg_overlay=\"on\" color_overlay=\"\" gradient_overlay=\"\" uniqid=\"5cd122168957c\" background_image=\"2068\" overlay_bottom_offset=\"60\" css=\".vc_custom_1617375407315{padding-top: 30px !important;}\"][vc_column][\/vc_column][\/vc_row][vc_row full_width=\"stretch_row\" background_parallax=\"on\" background_parallax_speed=\"0.8\" content_color=\"light\" bg_overlay=\"on\" color_overlay=\"\" gradient_overlay=\"\" overlay_bottom_offset=\"60\" css=\".vc_custom_1642449605134{padding-top: 30px !important;}\" uniqid=\"61e5cab8c795e\"][vc_column][\/vc_column][\/vc_row][vc_row full_width=\"stretch_row\" content_color=\"light\" css=\".vc_custom_1557210858199{padding-bottom: 70px\u2026","rel":"","context":"Similar post","img":{"alt_text":"","src":"","width":0,"height":0},"classes":[]},{"id":2813,"url":"https:\/\/illadelstrails.com\/ca\/clasificacion-puntuacion\/","url_meta":{"origin":2717,"position":2},"title":"Clasificaci\u00f3: Puntuaci\u00f3","date":"15 March, 2021","format":false,"excerpt":"Les classificacions de cada nivell s\u00f3n independents dels altres nivells, i en cap cas s'acumularan punts d'un nivell superior o inferior. L'algoritme que s'aplicar\u00e0 per a calcular els punts de cada corredor de cadascun dels diferents nivells en la Illa dels Trails s'obtindr\u00e0 de l'equaci\u00f3 Temps del primer classificat entre\u2026","rel":"","context":"Similar post","img":{"alt_text":"","src":"","width":0,"height":0},"classes":[]},{"id":2713,"url":"https:\/\/illadelstrails.com\/ca\/presentacion-trail-del-nord\/","url_meta":{"origin":2717,"position":3},"title":"Presentaci\u00f3","date":"8 February, 2021","format":false,"excerpt":"La Trail del Nord torna oferint una nova aventura on no faltar\u00e0 el desnivell pels m\u00e9s preparats i on els participants de la Trail Popular tamb\u00e9 pujaran a Santa \u00c0gueda acabant a a Ferreries. Els 30 quil\u00f2metres, amb m\u00e9s de 700 metres de desnivell positiu, arrencaran al Cam\u00ed de Binimetl\u00b7l\u00e0\u2026","rel":"","context":"Similar post","img":{"alt_text":"","src":"","width":0,"height":0},"classes":[]},{"id":2719,"url":"https:\/\/illadelstrails.com\/ca\/recorrido-trail-del-nord\/","url_meta":{"origin":2717,"position":4},"title":"Recorregut","date":"8 February, 2021","format":false,"excerpt":"[vc_row][vc_column][vc_single_image image=\"5866\" img_size=\"full\" css_animation=\"fadeInLeft\"][vc_column_text el_class=\"text-t1\"]Coneix el costat m\u00e9s salvatge de Menorca i una de les vistes m\u00e9s espectaculars de l'illa des de l'alt de Santa\u00a0\u00c0gueda.[\/vc_column_text][\/vc_column][\/vc_row][vc_row css=\".vc_custom_1609861490538{margin-top: 50px !important;}\" uniqid=\"5ff48967943df\"][vc_column][vc_column_text el_class=\"text-t1\"] TRAIL DEL NORD - 30 KM - 1000m D+ Dissabte 14 de mar\u00e7 a les 13:30 hores Inici Cam\u00ed de\u2026","rel":"","context":"Similar post","img":{"alt_text":"","src":"","width":0,"height":0},"classes":[]},{"id":2563,"url":"https:\/\/illadelstrails.com\/ca\/reglamento-trail-dels-barrancs\/","url_meta":{"origin":2717,"position":5},"title":"Reglament","date":"31 December, 2020","format":false,"excerpt":"Art 1.-El Trail dels Barrancs est\u00e0 organitzada per Xtrem Menorca Atletisme, i coordinat per Elitechip SL i Biosport Menorca. Art 2.- El Trail dels Barrancs es disputar\u00e0 el 24 d'abril de 2022 i constar\u00e0 de 3 proves, la Trail dels Barrancs (38 km) amb sortida i arribada en el municipi\u2026","rel":"","context":"Similar post","img":{"alt_text":"","src":"","width":0,"height":0},"classes":[]}],"_links":{"self":[{"href":"https:\/\/illadelstrails.com\/ca\/wp-json\/wp\/v2\/pages\/2717"}],"collection":[{"href":"https:\/\/illadelstrails.com\/ca\/wp-json\/wp\/v2\/pages"}],"about":[{"href":"https:\/\/illadelstrails.com\/ca\/wp-json\/wp\/v2\/types\/page"}],"author":[{"embeddable":true,"href":"https:\/\/illadelstrails.com\/ca\/wp-json\/wp\/v2\/users\/1"}],"replies":[{"embeddable":true,"href":"https:\/\/illadelstrails.com\/ca\/wp-json\/wp\/v2\/comments?post=2717"}],"version-history":[{"count":62,"href":"https:\/\/illadelstrails.com\/ca\/wp-json\/wp\/v2\/pages\/2717\/revisions"}],"predecessor-version":[{"id":6429,"href":"https:\/\/illadelstrails.com\/ca\/wp-json\/wp\/v2\/pages\/2717\/revisions\/6429"}],"wp:attachment":[{"href":"https:\/\/illadelstrails.com\/ca\/wp-json\/wp\/v2\/media?parent=2717"}],"curies":[{"name":"wp","href":"https:\/\/api.w.org\/{rel}","templated":true}]}}