{"id":2715,"date":"2021-02-08T18:50:17","date_gmt":"2021-02-08T16:50:17","guid":{"rendered":"https:\/\/illadelstrails.com\/?page_id=2715"},"modified":"2026-02-17T14:18:01","modified_gmt":"2026-02-17T12:18:01","slug":"programa-trail-del-nord","status":"publish","type":"page","link":"https:\/\/illadelstrails.com\/ca\/programa-trail-del-nord\/","title":{"rendered":"Programa"},"content":{"rendered":"<p><\/p>\n<h3><span style=\"color: #b8cd25;\"><strong>Dimecres 11 <\/strong><\/span><span style=\"color: #b8cd25;\"><strong>de mar\u00e7 de 2026<\/strong><\/span><\/h3>\n<p><strong>Recollida de dorsals pels atletes que ho van demanar al moment de la inscripci\u00f3.<\/strong><\/p>\n<p><span style=\"color: #b8cd25;\">Poliesportiu Municipal de Sant Lluis<\/span><br \/>\nDe 8:00 a 14:00 hores<br \/>\nDe 15:30 a 23:00 hores<\/p>\n<p><span style=\"color: #b8cd25;\">Poliesportiu Municipal des Mercadal<\/span><br \/>\nDe 8:00 a 13:00 hores<br \/>\nDe 16:00 a 22:00 hores<\/p>\n<p><span style=\"color: #b8cd25;\">Piscina Municipal de Ciutadella<\/span><br \/>\nDe 7:00 a 14:30 hores<br \/>\nDe 15:30 a 22:00 hores<\/p>\n<p><span style=\"color: #b8cd25;\">Poliesportiu Municipal de Alaior<\/span><br \/>\nDe 7.00 a 12.00 hores<br \/>\nDe 16.30 a 21.30 hores<\/p>\n<p><span style=\"color: #b8cd25;\">Poliesportiu Municipal des Migjorn Gran<\/span><br \/>\nDe 8.00 a 12.30 hores<br \/>\nDe 15.30 a 22.30 hores<\/p>\n<p><span style=\"color: #b8cd25;\">Biosport Mar\u00edtimo Mah\u00f3n<\/span><br \/>\nDe 8.00 a 13.00 hores<br \/>\nDe 17.00 a 20.00 hores<\/p>\n<h3><span style=\"color: #b8cd25;\"><strong>Dijous 12 <\/strong><\/span><span style=\"color: #b8cd25;\"><strong>de mar\u00e7 de 2026<\/strong><\/span><\/h3>\n<p><span style=\"color: #b8cd25;\">Poliesportiu Municipal de Sant Lluis<\/span><br \/>\nDe 8:00 a 14:00 hores<br \/>\nDe 15:30 a 23:00 hores<\/p>\n<p><span style=\"color: #b8cd25;\">Poliesportiu Municipal des Mercadal<\/span><br \/>\nDe 8:00 a 13:00 hores<br \/>\nDe 16:00 a 22:00 hores<\/p>\n<p><span style=\"color: #b8cd25;\">Piscina Municipal de Ciutadella<\/span><br \/>\nDe 7:00 a 14:30 hores<br \/>\nDe 15:30 a 22:00 hores<\/p>\n<p><span style=\"color: #b8cd25;\">Poliesportiu Municipal de Alaior<\/span><br \/>\nDe 7.00 a 12.00 hores<br \/>\nDe 16.30 a 21.30 hores<\/p>\n<p><span style=\"color: #b8cd25;\">Poliesportiu Municipal des Migjorn Gran<\/span><br \/>\nDe 8.00 a 12.30 hores<br \/>\nDe 15.30 a 22.30 hores<\/p>\n<p><span style=\"color: #b8cd25;\">Biosport Mar\u00edtimo Mah\u00f3n<\/span><br \/>\nDe 8.00 a 13.00 hores<br \/>\nDe 17.00 a 20.00 hores<\/p>\n<h3><span style=\"color: #b8cd25;\"><strong>Dissabte 14 de mar\u00e7<\/strong><\/span><span style=\"color: #b8cd25;\"><strong>\u00a0<\/strong><\/span><span style=\"color: #b8cd25;\"><strong>de 2026<\/strong><\/span><\/h3>\n<p><span style=\"color: #b8cd25;\">Recollida de dorsals Poliesportiu de Santa \u00c0gueda de Ferreries<\/span><br \/>\nDe 9.00 a 12.15 hores<\/p>\n<p><span style=\"color: #b8cd25;\">12:15 hores<\/span><br \/>\nSortida del bus cap a la sortida de Trail del Nord &#8211; 30 KM. Lloc de trobada Poliesporitu Municipal de Ferreries. <a href=\"https:\/\/www.google.es\/maps\/place\/39%C2%B058'52.7%22N+4%C2%B000'55.0%22E\/@39.9813009,4.0112814,527m\/data=!3m2!1e3!4b1!4m13!1m8!3m7!1s0x12be1ec61324cea3:0x92d2d0abf716f6f1!2s07750+Ferreries,+Illes+Balears!3b1!8m2!3d39.9831611!4d4.0127229!16zL20vMGJuMDN2!3m3!8m2!3d39.981301!4d4.01529?entry=ttu&amp;g_ep=EgoyMDI0MTAxNi4wIKXMDSoASAFQAw%3D%3D\">Aqu\u00ed.<\/a><\/p>\n<p><span style=\"color: #b8cd25;\">13:30 hores<\/span><br \/>\nInici de la Trail del Nord \u2013 30 KM. <a href=\"https:\/\/www.google.es\/maps\/place\/40%C2%B002'03.8%22N+4%C2%B003'06.9%22E\/@40.0392605,4.0490668,15.39z\/data=!4m6!3m5!1s0x0:0xa8e8c153417e061b!7e2!8m2!3d40.0343949!4d4.0519093?hl=es\">Creuament del Cam\u00ed de Tramuntana amb el cam\u00ed del p\u00e0rking de la platja de Binimel\u00b7la.<\/a><\/p>\n<p><span style=\"color: #b8cd25;\">14:45 hores<\/span><br \/>\nSortida del bus cap a la sortida de Trail del Nord Popular &#8211; 14KM. El Pilar. Lloc de trobada Poliesporitu Municipal de Ferreries.<a href=\"https:\/\/www.google.es\/maps\/place\/39%C2%B058'52.7%22N+4%C2%B000'55.0%22E\/@39.9813009,4.0112814,527m\/data=!3m2!1e3!4b1!4m13!1m8!3m7!1s0x12be1ec61324cea3:0x92d2d0abf716f6f1!2s07750+Ferreries,+Illes+Balears!3b1!8m2!3d39.9831611!4d4.0127229!16zL20vMGJuMDN2!3m3!8m2!3d39.981301!4d4.01529?entry=ttu&amp;g_ep=EgoyMDI0MTAxNi4wIKXMDSoASAFQAw%3D%3D\"> Aqu\u00ed.<\/a><\/p>\n<p><span style=\"color: #b8cd25;\">16:00 hores<\/span><br \/>\nInici de la Trail del Nord Popular \u2013 14km. P\u00e0rking de la playa de Cala Pilar. <a href=\"https:\/\/www.google.es\/maps\/place\/%5BP%5D+Aparcament+Cala+del+Pilar\/@40.035825,3.9701921,607m\/data=!3m1!1e3!4m14!1m7!3m6!1s0x12be1bcca895d2a9:0x8c0ae73c04bb6a74!2s%5BP%5D+Aparcament+Cala+del+Pilar!8m2!3d40.035825!4d3.972767!16s%2Fg%2F11fx8_1svg!3m5!1s0x12be1bcca895d2a9:0x8c0ae73c04bb6a74!8m2!3d40.035825!4d3.972767!16s%2Fg%2F11fx8_1svg?entry=ttu&amp;g_ep=EgoyMDI0MTAxNi4wIKXMDSoASAFQAw%3D%3D\">Aqu\u00ed.<\/a><\/p>\n<p><span style=\"color: #b8cd25;\">18:00 hores<\/span><br \/>\nEntrega de trofeus al Poliesporitu Municipal de Ferreries. <a href=\"https:\/\/www.google.es\/maps\/place\/39%C2%B058'52.7%22N+4%C2%B000'55.0%22E\/@39.9813009,4.0112814,527m\/data=!3m2!1e3!4b1!4m13!1m8!3m7!1s0x12be1ec61324cea3:0x92d2d0abf716f6f1!2s07750+Ferreries,+Illes+Balears!3b1!8m2!3d39.9831611!4d4.0127229!16zL20vMGJuMDN2!3m3!8m2!3d39.981301!4d4.01529?entry=ttu&amp;g_ep=EgoyMDI0MTAxNi4wIKXMDSoASAFQAw%3D%3D\">Aqu\u00ed.<\/a><\/p>\n<p><span style=\"color: #b8cd25;\">19:00 hores<\/span><br \/>\nFesta final de la Trail del Nord a Ferreries. <a href=\"https:\/\/www.google.es\/maps\/place\/39%C2%B058'52.7%22N+4%C2%B000'55.0%22E\/@39.9813009,4.0112814,527m\/data=!3m2!1e3!4b1!4m13!1m8!3m7!1s0x12be1ec61324cea3:0x92d2d0abf716f6f1!2s07750+Ferreries,+Illes+Balears!3b1!8m2!3d39.9831611!4d4.0127229!16zL20vMGJuMDN2!3m3!8m2!3d39.981301!4d4.01529?entry=ttu&amp;g_ep=EgoyMDI0MTAxNi4wIKXMDSoASAFQAw%3D%3D\">Aqu\u00ed.<\/a><\/p>","protected":false},"excerpt":{"rendered":"<p>Dimecres 11 de mar\u00e7 de 2026 Recollida de dorsals pels atletes que ho van demanar al moment de la inscripci\u00f3. Poliesportiu Municipal de Sant Lluis De 8:00 a 14:00 hores De 15:30 a 23:00 hores Poliesportiu Municipal des Mercadal De 8:00 a 13:00 hores De 16:00 a 22:00 hores Piscina Municipal de Ciutadella De 7:00 [&hellip;]<\/p>\n","protected":false},"author":1,"featured_media":0,"parent":0,"menu_order":0,"comment_status":"closed","ping_status":"closed","template":"","meta":{"spay_email":"","footnotes":""},"class_list":["post-2715","page","type-page","status-publish","hentry"],"acf":[],"jetpack-related-posts":[{"id":2495,"url":"https:\/\/illadelstrails.com\/ca\/programa-nocturna\/","url_meta":{"origin":2715,"position":0},"title":"Programa","date":"29 December, 2020","format":false,"excerpt":"Dijous 26 de setembre de 2024 Recollida de dorsals pels atletes que ho van demanar en el moment de la inscripci\u00f3. Poliesportiu Municipal de Sant Llu\u00eds De 8.00 a 14.00 hores De 15.30 a 23.00 hores Poliesportiu Municipal des Mercadal De 8.00 a 13.00 hores De 16.00 a 22.00 hores\u2026","rel":"","context":"Similar post","img":{"alt_text":"","src":"","width":0,"height":0},"classes":[]},{"id":1528,"url":"https:\/\/illadelstrails.com\/ca\/programa-trail-dels-fars\/","url_meta":{"origin":2715,"position":1},"title":"Programa","date":"21 December, 2020","format":false,"excerpt":"Dijous 29 de gener de 2025 Recollida de dorsals pels atletas que ho van demanar al moment de la inscripci\u00f3. Poliesportiu Municipal de Ma\u00f3 De 17.00 a 19.30 horas. Divendres 30 de gener de 2025 Recollida de dorsals pels atletas que ho van demanar al moment de la inscripci\u00f3. Poliesportiu\u2026","rel":"","context":"Similar post","img":{"alt_text":"","src":"","width":0,"height":0},"classes":[]},{"id":2563,"url":"https:\/\/illadelstrails.com\/ca\/reglamento-trail-dels-barrancs\/","url_meta":{"origin":2715,"position":2},"title":"Reglament","date":"31 December, 2020","format":false,"excerpt":"Art 1.-El Trail dels Barrancs est\u00e0 organitzada per Xtrem Menorca Atletisme, i coordinat per Elitechip SL i Biosport Menorca. Art 2.- El Trail dels Barrancs es disputar\u00e0 el 24 d'abril de 2022 i constar\u00e0 de 3 proves, la Trail dels Barrancs (38 km) amb sortida i arribada en el municipi\u2026","rel":"","context":"Similar post","img":{"alt_text":"","src":"","width":0,"height":0},"classes":[]},{"id":2704,"url":"https:\/\/illadelstrails.com\/ca\/carrera-trail-del-nord\/","url_meta":{"origin":2715,"position":3},"title":"Carrera","date":"8 February, 2021","format":false,"excerpt":"[vc_row full_width=\"stretch_row_content_no_spaces\" uniqid=\"5cd01026a5478\"][vc_column][\/vc_column][\/vc_row][vc_row full_width=\"stretch_row\" content_color=\"light\" css=\".vc_custom_1558330186888{padding-top: 85px !important;padding-bottom: 100px !important;}\" uniqid=\"5cd03094e1883\"][vc_column css_animation=\"fadeInLeft\" width=\"1\/2\" parallax=\"\" uniqid=\"5ce272ecf602a\"][vc_single_image image=\"2705\" img_size=\"full\"][\/vc_column][vc_column css_animation=\"fadeInRight\" width=\"1\/2\" parallax=\"\" uniqid=\"5ce272f7bc581\"][\/vc_column][\/vc_row][vc_row full_width=\"stretch_row\" background_parallax=\"on\" background_parallax_speed=\"0.8\" content_color=\"light\" bg_overlay=\"on\" color_overlay=\"\" gradient_overlay=\"\" uniqid=\"5cd122168957c\" background_image=\"2068\" overlay_bottom_offset=\"60\" css=\".vc_custom_1617375407315{padding-top: 30px !important;}\"][vc_column][\/vc_column][\/vc_row][vc_row full_width=\"stretch_row\" background_parallax=\"on\" background_parallax_speed=\"0.8\" content_color=\"light\" bg_overlay=\"on\" color_overlay=\"\" gradient_overlay=\"\" overlay_bottom_offset=\"60\" css=\".vc_custom_1642449605134{padding-top: 30px !important;}\" uniqid=\"61e5cab8c795e\"][vc_column][\/vc_column][\/vc_row][vc_row full_width=\"stretch_row\" content_color=\"light\" css=\".vc_custom_1557210858199{padding-bottom: 70px\u2026","rel":"","context":"Similar post","img":{"alt_text":"","src":"","width":0,"height":0},"classes":[]},{"id":1902,"url":"https:\/\/illadelstrails.com\/ca\/programa-october-trail\/","url_meta":{"origin":2715,"position":4},"title":"Programa","date":"23 December, 2020","format":false,"excerpt":"Divendres 23 d'octubre de 2026 Recollida de dorsals. Hotel Lago Resort Menorca, en Cala'n Bosch De 16:00 a 21:00 hores Dissabte 24 d'octubre de 2026 8:15 hores\u00a0 Sortida del bus desde el Lago Resort Menorca cap a Son Bou, zona de sortida dels 32KM *. AQUI 8:15 hores Sortida del\u2026","rel":"","context":"Similar post","img":{"alt_text":"","src":"","width":0,"height":0},"classes":[]},{"id":1544,"url":"https:\/\/illadelstrails.com\/ca\/reglamento-trail-dels-fars\/","url_meta":{"origin":2715,"position":5},"title":"Reglament","date":"21 December, 2020","format":false,"excerpt":"El Trail dels Fars est\u00e0 organitzada per Elitechip SL. amb la intenci\u00f3 de tornar als origens del trail a Menorca. Una prova \u00fanica, un recorregut dur, i exclusiu per gaudir durant la cursa. El Trail dels Fars es disputar\u00e0 el 1 de febrer de 2026 i constar\u00e0 de 3 proves\u2026","rel":"","context":"Similar post","img":{"alt_text":"","src":"","width":0,"height":0},"classes":[]}],"_links":{"self":[{"href":"https:\/\/illadelstrails.com\/ca\/wp-json\/wp\/v2\/pages\/2715"}],"collection":[{"href":"https:\/\/illadelstrails.com\/ca\/wp-json\/wp\/v2\/pages"}],"about":[{"href":"https:\/\/illadelstrails.com\/ca\/wp-json\/wp\/v2\/types\/page"}],"author":[{"embeddable":true,"href":"https:\/\/illadelstrails.com\/ca\/wp-json\/wp\/v2\/users\/1"}],"replies":[{"embeddable":true,"href":"https:\/\/illadelstrails.com\/ca\/wp-json\/wp\/v2\/comments?post=2715"}],"version-history":[{"count":24,"href":"https:\/\/illadelstrails.com\/ca\/wp-json\/wp\/v2\/pages\/2715\/revisions"}],"predecessor-version":[{"id":6428,"href":"https:\/\/illadelstrails.com\/ca\/wp-json\/wp\/v2\/pages\/2715\/revisions\/6428"}],"wp:attachment":[{"href":"https:\/\/illadelstrails.com\/ca\/wp-json\/wp\/v2\/media?parent=2715"}],"curies":[{"name":"wp","href":"https:\/\/api.w.org\/{rel}","templated":true}]}}