{"id":2713,"date":"2021-02-08T18:43:17","date_gmt":"2021-02-08T16:43:17","guid":{"rendered":"https:\/\/illadelstrails.com\/?page_id=2713"},"modified":"2025-10-17T14:09:24","modified_gmt":"2025-10-17T12:09:24","slug":"presentacion-trail-del-nord","status":"publish","type":"page","link":"https:\/\/illadelstrails.com\/ca\/presentacion-trail-del-nord\/","title":{"rendered":"Presentaci\u00f3"},"content":{"rendered":"<p>La Trail del Nord torna oferint una nova aventura on no faltar\u00e0 el desnivell pels m\u00e9s preparats i on els participants de la Trail Popular tamb\u00e9 pujaran a Santa \u00c0gueda acabant a a Ferreries.<\/p>\n<p>Els 30 quil\u00f2metres, amb m\u00e9s de 700 metres de desnivell positiu, arrencaran al Cam\u00ed de Binimetl\u00b7l\u00e0 cap a la platja. Des d&#8217;all\u00ed, seguint el Cam\u00ed de Cavalls, els participants creuaran &#8216;Mordor&#8217; i arribaran a Ets Alocs, i despr\u00e9s cap a Cala Pilar on agafaran cam\u00ed cap al paring i d&#8217;all\u00e0 aprofitaran el tram del Cam\u00ed Reial del Nord per pujar al Castell de Santa \u00c1gueda, un de les restes m\u00e9s importants de la pres\u00e8ncia \u00e0rab a Menorca en el segle XIV. Despr\u00e9s, agafaran diferents camins per acabar a Ferreries.<\/p>\n<p>Els 14 quil\u00f2metres de la Trail Popular tamb\u00e9 coneixeran Santa \u00c0gueda, des del Cam\u00ed Reial del Nord, per acabar a Ferreries.<\/p>","protected":false},"excerpt":{"rendered":"<p>La Trail del Nord torna oferint una nova aventura on no faltar\u00e0 el desnivell pels m\u00e9s preparats i on els participants de la Trail Popular tamb\u00e9 pujaran a Santa \u00c0gueda acabant a a Ferreries. Els 30 quil\u00f2metres, amb m\u00e9s de 700 metres de desnivell positiu, arrencaran al Cam\u00ed de Binimetl\u00b7l\u00e0 cap a la platja. Des [&hellip;]<\/p>\n","protected":false},"author":1,"featured_media":0,"parent":0,"menu_order":0,"comment_status":"closed","ping_status":"closed","template":"","meta":{"spay_email":"","footnotes":""},"class_list":["post-2713","page","type-page","status-publish","hentry"],"acf":[],"jetpack-related-posts":[{"id":2715,"url":"https:\/\/illadelstrails.com\/ca\/programa-trail-del-nord\/","url_meta":{"origin":2713,"position":0},"title":"Programa","date":"8 February, 2021","format":false,"excerpt":"Dimecres 11 de mar\u00e7 de 2026 Recollida de dorsals pels atletes que ho van demanar al moment de la inscripci\u00f3. Poliesportiu Municipal de Sant Lluis De 8:00 a 14:00 hores De 15:30 a 23:00 hores Poliesportiu Municipal des Mercadal De 8:00 a 13:00 hores De 16:00 a 22:00 hores Piscina\u2026","rel":"","context":"Similar post","img":{"alt_text":"","src":"","width":0,"height":0},"classes":[]},{"id":2704,"url":"https:\/\/illadelstrails.com\/ca\/carrera-trail-del-nord\/","url_meta":{"origin":2713,"position":1},"title":"Carrera","date":"8 February, 2021","format":false,"excerpt":"[vc_row full_width=\"stretch_row_content_no_spaces\" uniqid=\"5cd01026a5478\"][vc_column][\/vc_column][\/vc_row][vc_row full_width=\"stretch_row\" content_color=\"light\" css=\".vc_custom_1558330186888{padding-top: 85px !important;padding-bottom: 100px !important;}\" uniqid=\"5cd03094e1883\"][vc_column css_animation=\"fadeInLeft\" width=\"1\/2\" parallax=\"\" uniqid=\"5ce272ecf602a\"][vc_single_image image=\"2705\" img_size=\"full\"][\/vc_column][vc_column css_animation=\"fadeInRight\" width=\"1\/2\" parallax=\"\" uniqid=\"5ce272f7bc581\"][\/vc_column][\/vc_row][vc_row full_width=\"stretch_row\" background_parallax=\"on\" background_parallax_speed=\"0.8\" content_color=\"light\" bg_overlay=\"on\" color_overlay=\"\" gradient_overlay=\"\" uniqid=\"5cd122168957c\" background_image=\"2068\" overlay_bottom_offset=\"60\" css=\".vc_custom_1617375407315{padding-top: 30px !important;}\"][vc_column][\/vc_column][\/vc_row][vc_row full_width=\"stretch_row\" background_parallax=\"on\" background_parallax_speed=\"0.8\" content_color=\"light\" bg_overlay=\"on\" color_overlay=\"\" gradient_overlay=\"\" overlay_bottom_offset=\"60\" css=\".vc_custom_1642449605134{padding-top: 30px !important;}\" uniqid=\"61e5cab8c795e\"][vc_column][\/vc_column][\/vc_row][vc_row full_width=\"stretch_row\" content_color=\"light\" css=\".vc_custom_1557210858199{padding-bottom: 70px\u2026","rel":"","context":"Similar post","img":{"alt_text":"","src":"","width":0,"height":0},"classes":[]},{"id":2717,"url":"https:\/\/illadelstrails.com\/ca\/reglamento-trail-del-nord\/","url_meta":{"origin":2713,"position":2},"title":"Reglament","date":"8 February, 2021","format":false,"excerpt":"Art 1.-El Trail del Nord est\u00e0 organitzat per Elitechip SL. Art 2.- El Trail del Nord es disputar\u00e0 el 14 de mar\u00e7 de 2026 i constar\u00e0 de 2 proves, la Trail del Nord (30 km) amb sortida des del creuament del Cam\u00ed de Tramuntana al cam\u00ed que va a Binimel\u00b7la\u2026","rel":"","context":"Similar post","img":{"alt_text":"","src":"","width":0,"height":0},"classes":[]},{"id":2719,"url":"https:\/\/illadelstrails.com\/ca\/recorrido-trail-del-nord\/","url_meta":{"origin":2713,"position":3},"title":"Recorregut","date":"8 February, 2021","format":false,"excerpt":"[vc_row][vc_column][vc_single_image image=\"5866\" img_size=\"full\" css_animation=\"fadeInLeft\"][vc_column_text el_class=\"text-t1\"]Coneix el costat m\u00e9s salvatge de Menorca i una de les vistes m\u00e9s espectaculars de l'illa des de l'alt de Santa\u00a0\u00c0gueda.[\/vc_column_text][\/vc_column][\/vc_row][vc_row css=\".vc_custom_1609861490538{margin-top: 50px !important;}\" uniqid=\"5ff48967943df\"][vc_column][vc_column_text el_class=\"text-t1\"] TRAIL DEL NORD - 30 KM - 1000m D+ Dissabte 14 de mar\u00e7 a les 13:30 hores Inici Cam\u00ed de\u2026","rel":"","context":"Similar post","img":{"alt_text":"","src":"","width":0,"height":0},"classes":[]},{"id":1526,"url":"https:\/\/illadelstrails.com\/ca\/presentacion-trail-dels-fars\/","url_meta":{"origin":2713,"position":4},"title":"Presentaci\u00f3","date":"21 December, 2020","format":false,"excerpt":"Els 46 quil\u00f2metres que separen el far de Cavalleria de la l\u00ednia de meta de la Trail dels Fars a Menorca s\u00f3n una aventura per a tots els sentits. Una s\u00e8rie de diferents dist\u00e0ncies dins de la mateixa cursa que tindr\u00e0 lloc el dia 1 de febrer de 2026. No\u2026","rel":"","context":"Similar post","img":{"alt_text":"","src":"https:\/\/i0.wp.com\/illadelstrails.com\/wp-content\/uploads\/2020\/12\/foto_portada_1-scaled.jpg?fit=1200%2C844&ssl=1&resize=350%2C200","width":350,"height":200},"classes":[]},{"id":2493,"url":"https:\/\/illadelstrails.com\/ca\/presentacion-nocturna\/","url_meta":{"origin":2713,"position":5},"title":"Presentaci\u00f3","date":"29 December, 2020","format":false,"excerpt":"\u201cEl silenci de la nit augmenta els nostres temors\u201d. Amb aquesta premissa neix el repte de la Trail dels Fars nocturna que ofereix la possibilitat a cada persona d'enfrontar-se a un recorregut de 21 kil\u00f3metors que separen l'impressionant far de Fav\u00e0ritx i la meta, en la Base Militar de Sant\u2026","rel":"","context":"Similar post","img":{"alt_text":"","src":"","width":0,"height":0},"classes":[]}],"_links":{"self":[{"href":"https:\/\/illadelstrails.com\/ca\/wp-json\/wp\/v2\/pages\/2713"}],"collection":[{"href":"https:\/\/illadelstrails.com\/ca\/wp-json\/wp\/v2\/pages"}],"about":[{"href":"https:\/\/illadelstrails.com\/ca\/wp-json\/wp\/v2\/types\/page"}],"author":[{"embeddable":true,"href":"https:\/\/illadelstrails.com\/ca\/wp-json\/wp\/v2\/users\/1"}],"replies":[{"embeddable":true,"href":"https:\/\/illadelstrails.com\/ca\/wp-json\/wp\/v2\/comments?post=2713"}],"version-history":[{"count":9,"href":"https:\/\/illadelstrails.com\/ca\/wp-json\/wp\/v2\/pages\/2713\/revisions"}],"predecessor-version":[{"id":6240,"href":"https:\/\/illadelstrails.com\/ca\/wp-json\/wp\/v2\/pages\/2713\/revisions\/6240"}],"wp:attachment":[{"href":"https:\/\/illadelstrails.com\/ca\/wp-json\/wp\/v2\/media?parent=2713"}],"curies":[{"name":"wp","href":"https:\/\/api.w.org\/{rel}","templated":true}]}}