{"id":2533,"date":"2020-12-29T16:51:12","date_gmt":"2020-12-29T14:51:12","guid":{"rendered":"https:\/\/illadelstrails.com\/?page_id=2533"},"modified":"2026-03-05T15:53:50","modified_gmt":"2026-03-05T13:53:50","slug":"recorrido-october-trail","status":"publish","type":"page","link":"https:\/\/illadelstrails.com\/ca\/recorrido-october-trail\/","title":{"rendered":"Recorregut"},"content":{"rendered":"<p>[vc_row][vc_column][vc_single_image image=&#8221;5592&#8243; img_size=&#8221;full&#8221; css_animation=&#8221;fadeInLeft&#8221;][vc_column_text]La October Trail Menorca tindr\u00e0 lloc el 24 d&#8217;octubre de 2026, una carrera de trail per la costa sud de Menorca seguint el Cam\u00ed de Cavalls.[\/vc_column_text][\/vc_column][\/vc_row][vc_row css=&#8221;.vc_custom_1609936836058{margin-top: 50px !important;}&#8221; uniqid=&#8221;5ff5afbe8e0e2&#8243;][vc_column][vc_column_text]<\/p>\n<h3><span style=\"color: #f08019;\"><strong>OCTOBER TRAIL MENORCA 32 KM &#8211; 750m D+<\/strong><\/span><\/h3>\n<p><strong>Dissabte 24 d&#8217;octubre 2026 a las 9.30 hores<br \/>\n<\/strong>Inici de l&#8217;October Trail Menorca 32 KM. Al parking de la platja de Son Bou.[\/vc_column_text][vc_single_image image=&#8221;2624&#8243; img_size=&#8221;full&#8221; css_animation=&#8221;fadeInLeft&#8221;][vc_btn title=&#8221;Descarregar format GPX&#8221; style=&#8221;outline&#8221; color=&#8221;default&#8221; i_icon_fontawesome=&#8221;fas fa-cloud-download-alt&#8221; add_icon=&#8221;true&#8221; link=&#8221;url:https%3A%2F%2Fwww.elitechip.net%2Fsystem%2Fpublic%2Fdownload%2Fabc8cc5546cc5e5c971cfd88e0d88c84.gpx|target:_blank&#8221;][vc_btn title=&#8221;Descarregar format KMZ&#8221; style=&#8221;outline&#8221; color=&#8221;default&#8221; i_icon_fontawesome=&#8221;fas fa-cloud-download-alt&#8221; add_icon=&#8221;true&#8221; link=&#8221;url:https%3A%2F%2Fwww.elitechip.net%2Fsystem%2Fpublic%2Fdownload%2F1211e651b0802ed811d2e7f2ddcdb594.kmz|target:_blank&#8221;][\/vc_column][\/vc_row][vc_row css=&#8221;.vc_custom_1609936846216{margin-top: 50px !important;}&#8221; uniqid=&#8221;5ff5afc815f5c&#8221;][vc_column][vc_column_text]<\/p>\n<h3><span style=\"color: #00983a;\"><strong>OCTOBER TRAIL MENORCA 19 KM &#8211; 400m D+<\/strong><\/span><\/h3>\n<p><strong>Dissabte 24 d&#8217;octubre 2026 a les 9.30 hores sortida 1 i a les 10.15 hores sortida 2<br \/>\n<\/strong>Inici de l&#8217;October Trail Menorca 19 Km. Al parking de Cala Mitjana, a Cala Galdana.[\/vc_column_text][vc_single_image image=&#8221;2628&#8243; img_size=&#8221;full&#8221; css_animation=&#8221;fadeInLeft&#8221;][vc_btn title=&#8221;Descarregar format GPX&#8221; style=&#8221;outline&#8221; color=&#8221;default&#8221; i_icon_fontawesome=&#8221;fas fa-cloud-download-alt&#8221; add_icon=&#8221;true&#8221; link=&#8221;url:https%3A%2F%2Fwww.elitechip.net%2Findex.php%3Fzwshow%3DSYS-ZW-74IU8E09%26cmsplugin%3Dzwelitechipplugin%26cmscmd%3Ddlddoc%26dldid%3D2699998|target:_blank&#8221;][vc_btn title=&#8221;Descarregar format KMZ&#8221; style=&#8221;outline&#8221; color=&#8221;default&#8221; i_icon_fontawesome=&#8221;fas fa-cloud-download-alt&#8221; add_icon=&#8221;true&#8221; link=&#8221;url:https%3A%2F%2Fwww.elitechip.net%2Fsystem%2Fpublic%2Fdownload%2F373456787ce1f57b1a697c05476d44b0.kmz|target:_blank&#8221;][\/vc_column][\/vc_row][vc_row css=&#8221;.vc_custom_1609936856150{margin-top: 50px !important;}&#8221; uniqid=&#8221;5ff5afd220b1b&#8221;][vc_column][vc_column_text]<\/p>\n<h3><span style=\"color: #009fe3;\"><strong>OCTOBER TRAIL MENORCA 11 KM &#8211; 200m D+<\/strong><\/span><\/h3>\n<p><strong>Dissabte 24 d&#8217;octubre 2026 a les 12.00 hores, sortida 1 i a les 12.50 sortida 2<br \/>\n<\/strong>Inici de l&#8217;October Trail Menorca 11 Km. Al parking de Cala en Turqueta.[\/vc_column_text][vc_single_image image=&#8221;2627&#8243; img_size=&#8221;full&#8221; css_animation=&#8221;fadeInLeft&#8221;][vc_btn title=&#8221;Descarregar format GPX&#8221; style=&#8221;outline&#8221; color=&#8221;default&#8221; i_icon_fontawesome=&#8221;fas fa-cloud-download-alt&#8221; add_icon=&#8221;true&#8221; link=&#8221;url:https%3A%2F%2Fwww.elitechip.net%2Findex.php%3Fzwshow%3DSYS-ZW-74IU8E09%26cmsplugin%3Dzwelitechipplugin%26cmscmd%3Ddlddoc%26dldid%3D2699999|target:_blank&#8221;][vc_btn title=&#8221;Descarregar format KMZ&#8221; style=&#8221;outline&#8221; color=&#8221;default&#8221; i_icon_fontawesome=&#8221;fas fa-cloud-download-alt&#8221; add_icon=&#8221;true&#8221; link=&#8221;url:https%3A%2F%2Fwww.elitechip.net%2Fsystem%2Fpublic%2Fdownload%2Ff6a6fe072eb0ee4cb3bc06edcaa6eae6.kmz|target:_blank&#8221;][\/vc_column][\/vc_row]<\/p>","protected":false},"excerpt":{"rendered":"<p>[vc_row][vc_column][vc_single_image image=&#8221;5592&#8243; img_size=&#8221;full&#8221; css_animation=&#8221;fadeInLeft&#8221;][vc_column_text]La October Trail Menorca tindr\u00e0 lloc el 24 d&#8217;octubre de 2026, una carrera de trail per la costa sud de Menorca seguint el Cam\u00ed de Cavalls.[\/vc_column_text][\/vc_column][\/vc_row][vc_row css=&#8221;.vc_custom_1609936836058{margin-top: 50px !important;}&#8221; uniqid=&#8221;5ff5afbe8e0e2&#8243;][vc_column][vc_column_text] OCTOBER TRAIL MENORCA 32 KM &#8211; 750m D+ Dissabte 24 d&#8217;octubre 2026 a las 9.30 hores Inici de l&#8217;October Trail Menorca 32 [&hellip;]<\/p>\n","protected":false},"author":1,"featured_media":0,"parent":0,"menu_order":0,"comment_status":"closed","ping_status":"closed","template":"","meta":{"spay_email":"","footnotes":""},"class_list":["post-2533","page","type-page","status-publish","hentry"],"acf":[],"jetpack-related-posts":[{"id":1875,"url":"https:\/\/illadelstrails.com\/ca\/carrera-october-trail\/","url_meta":{"origin":2533,"position":0},"title":"Cursa","date":"23 December, 2020","format":false,"excerpt":"[vc_row full_width=\"stretch_row_content_no_spaces\" uniqid=\"5cd01026a5478\"][vc_column][\/vc_column][\/vc_row][vc_row full_width=\"stretch_row\" content_color=\"light\" css=\".vc_custom_1558330186888{padding-top: 85px !important;padding-bottom: 100px !important;}\" uniqid=\"5cd03094e1883\"][vc_column css_animation=\"fadeInLeft\" width=\"1\/2\" parallax=\"\" uniqid=\"5ce272ecf602a\"][vc_single_image image=\"1878\" img_size=\"full\"][\/vc_column][vc_column css_animation=\"fadeInRight\" width=\"1\/2\" parallax=\"\" uniqid=\"5ce272f7bc581\"][\/vc_column][\/vc_row][vc_row full_width=\"stretch_row\" background_parallax=\"on\" background_parallax_speed=\"0.8\" content_color=\"light\" bg_overlay=\"on\" color_overlay=\"\" gradient_overlay=\"\" uniqid=\"5cd122168957c\" background_image=\"1881\" overlay_bottom_offset=\"60\" css=\".vc_custom_1608715827876{padding-top: 30px !important;}\"][vc_column][\/vc_column][\/vc_row][vc_row full_width=\"stretch_row\" content_color=\"light\" bg_overlay=\"\" css=\".vc_custom_1608290197506{padding-top: 40px !important;padding-bottom: 40px !important;}\" uniqid=\"5cd1243cf84a7\"][vc_column][\/vc_column][\/vc_row][vc_row full_width=\"stretch_row\" content_color=\"light\" css=\".vc_custom_1557210858199{padding-bottom: 70px !important;}\" uniqid=\"5cc2c71703dd1\"][vc_column][\/vc_column][\/vc_row][vc_row][vc_column][\/vc_column][\/vc_row]","rel":"","context":"Similar post","img":{"alt_text":"","src":"","width":0,"height":0},"classes":[]},{"id":1908,"url":"https:\/\/illadelstrails.com\/ca\/reglamento-october-trail\/","url_meta":{"origin":2533,"position":1},"title":"Reglament","date":"23 December, 2020","format":false,"excerpt":"L\u2019October Trail Menorca est\u00e0 organitzada per Club Esportiu Biosport Menorca, i coordinat per Elitechip SL i Biosport Menorca. Tots els participants s\u2019han d\u2019afegir obligat\u00f2riament al Canal de Whatsapp \u2013 October Trail 2025. L\u2019enlla\u00e7 s\u2019enviar\u00e0 amb el justificant de l\u2019inscripci\u00f3. Aquest canal servir\u00e0 per emetre Comunicats oficials de cara a la\u2026","rel":"","context":"Similar post","img":{"alt_text":"","src":"","width":0,"height":0},"classes":[]},{"id":1902,"url":"https:\/\/illadelstrails.com\/ca\/programa-october-trail\/","url_meta":{"origin":2533,"position":2},"title":"Programa","date":"23 December, 2020","format":false,"excerpt":"Divendres 23 d'octubre de 2026 Recollida de dorsals. Hotel Lago Resort Menorca, en Cala'n Bosch De 16:00 a 21:00 hores Dissabte 24 d'octubre de 2026 8:15 hores\u00a0 Sortida del bus desde el Lago Resort Menorca cap a Son Bou, zona de sortida dels 32KM *. AQUI 8:15 hores Sortida del\u2026","rel":"","context":"Similar post","img":{"alt_text":"","src":"","width":0,"height":0},"classes":[]},{"id":1897,"url":"https:\/\/illadelstrails.com\/ca\/presentacion-october-trail\/","url_meta":{"origin":2533,"position":3},"title":"Presentaci\u00f3","date":"23 December, 2020","format":false,"excerpt":"La October Trail Menorca tindr\u00e0 lloc el 24 d'octubre del 2026, una carrera de trail per la costa sud de Menorca seguint el Cam\u00ed de Cavalls amb les dist\u00e0ncies de 11KM, 19KM i 32KM. L'esdeveniment, amb inici a la urbanitzaci\u00f3 de Son Bou (Alaior), seguir\u00e0 el\u00a0Cam\u00ed\u00a0de\u00a0Cavalls\u00a0fins a la platja de\u00a0Calan\u00a0Bosch\u2026","rel":"","context":"Similar post","img":{"alt_text":"","src":"","width":0,"height":0},"classes":[]},{"id":1923,"url":"https:\/\/illadelstrails.com\/ca\/fotos-octobert-trail\/","url_meta":{"origin":2533,"position":4},"title":"October Trail","date":"23 December, 2020","format":false,"excerpt":"[vc_row][vc_column][\/vc_column][\/vc_row]","rel":"","context":"Similar post","img":{"alt_text":"","src":"","width":0,"height":0},"classes":[]},{"id":1916,"url":"https:\/\/illadelstrails.com\/ca\/gallery\/grid\/fotos-october-trail\/","url_meta":{"origin":2533,"position":5},"title":"Fotos","date":"23 December, 2020","format":false,"excerpt":"[vc_row][vc_column][\/vc_column][\/vc_row]","rel":"","context":"Similar post","img":{"alt_text":"","src":"","width":0,"height":0},"classes":[]}],"_links":{"self":[{"href":"https:\/\/illadelstrails.com\/ca\/wp-json\/wp\/v2\/pages\/2533"}],"collection":[{"href":"https:\/\/illadelstrails.com\/ca\/wp-json\/wp\/v2\/pages"}],"about":[{"href":"https:\/\/illadelstrails.com\/ca\/wp-json\/wp\/v2\/types\/page"}],"author":[{"embeddable":true,"href":"https:\/\/illadelstrails.com\/ca\/wp-json\/wp\/v2\/users\/1"}],"replies":[{"embeddable":true,"href":"https:\/\/illadelstrails.com\/ca\/wp-json\/wp\/v2\/comments?post=2533"}],"version-history":[{"count":27,"href":"https:\/\/illadelstrails.com\/ca\/wp-json\/wp\/v2\/pages\/2533\/revisions"}],"predecessor-version":[{"id":6433,"href":"https:\/\/illadelstrails.com\/ca\/wp-json\/wp\/v2\/pages\/2533\/revisions\/6433"}],"wp:attachment":[{"href":"https:\/\/illadelstrails.com\/ca\/wp-json\/wp\/v2\/media?parent=2533"}],"curies":[{"name":"wp","href":"https:\/\/api.w.org\/{rel}","templated":true}]}}