{"id":2497,"date":"2020-12-29T14:58:39","date_gmt":"2020-12-29T12:58:39","guid":{"rendered":"https:\/\/illadelstrails.com\/?page_id=2497"},"modified":"2024-02-02T12:07:19","modified_gmt":"2024-02-02T10:07:19","slug":"reglamento-nocturna","status":"publish","type":"page","link":"https:\/\/illadelstrails.com\/ca\/reglamento-nocturna\/","title":{"rendered":"Reglament"},"content":{"rendered":"<p><span style=\"color: #99cc00;\"><strong>Art 1.- <\/strong><\/span>La Trail dels Fars Nocturna est\u00e0 organitzat per Xtrem Menorca Atletismo, i coordinat per Elitechip SL i Biosport Menorca.<\/p>\n<p><span style=\"color: #99cc00;\"><strong>Art 2.-<\/strong><\/span> La Trail dels Fars Nocturna es disputar\u00e0 el 28 de setembre de 2024 i constar\u00e0 de 2 proves, la Mitja Marat\u00f3 (23km) amb sortida al Far de Fav\u00e0ritx i la cursa popular (13km) que sortir\u00e0 a Es Grau. Les dues acabaran a la Base Militar San Isidro.<\/p>\n<p><span style=\"color: #99cc00;\"><strong>Art 3.-<\/strong><\/span> La inscripci\u00f3 a la prova s&#8217;obrir\u00e0 el 5 de febrer a les 18.00 hores i implica la total acceptaci\u00f3 d&#8217;aquest reglament. El present reglament ser\u00e0 d&#8217;estricte compliment per a tots els participants del Trail dels Fars Nocturna.<\/p>\n<p><span style=\"color: #99cc00;\"><strong>Art 4.- <\/strong><\/span>Les inscripcions: S&#8217;habilitar\u00e0 un rang de preus d&#8217;inscripci\u00f3 vinculats al n\u00famero d&#8217;inscrits, proposant un primer per\u00edode al preu de sortida de 200 places en el c\u00f2mput global de totes les proves. Una vegada es completin les primeres 200 places, s&#8217;obrir\u00e0 un segon tram amb 150 places m\u00e9s, \u00e9s a dir fins a 350 places en total. I una vegada complert aquest tram s&#8217;obrir\u00e0 un tercer tram de preus fins a completar les 500 inscripcions previstes.<\/p>\n<p>El preu de les inscripcions ser\u00e0:<\/p>\n<p><span style=\"color: #b8cd25;\"><strong>Medio Marat\u00f3n Trail dels Fars Nocturna 23KM<\/strong><\/span><\/p>\n<ul>\n<li>22 \u20ac de la primera inscripci\u00f3 fins la 200<\/li>\n<li>35 \u20ac de la inscripci\u00f3 201 fins la 350<\/li>\n<li>45 \u20ac de la inscripci\u00f3 351 fins la 500<\/li>\n<\/ul>\n<p><span style=\"color: #b8cd25;\"><strong>Cursa Popular 13KM<\/strong><\/span><\/p>\n<ul>\n<li>15 \u20ac de la primera inscripci\u00f3 fins la 200<\/li>\n<li>25 \u20ac de la inscripci\u00f3 201 fins la 350<\/li>\n<li>35 \u20ac de la inscripci\u00f3 351 fins la 500<\/li>\n<\/ul>\n<p><span style=\"color: #99cc00;\"><strong>Art 5.-<\/strong><\/span> La inscripci\u00f3 finalitza l&#8217;1 de setembre de 2024 o en esgotar les inscripcions disponibles en cadascuna de les dist\u00e0ncies.<\/p>\n<p><span style=\"color: #99cc00;\"><strong>Art 6.-<\/strong><\/span> Els atletes no federats a la Federaci\u00f3 Balear d\u2019Atletisme hauran de contractar una asseguran\u00e7a d\u2019un dia per a la prova que oferim en el proc\u00e9s d\u2019inscripci\u00f3 o al moment de la retirada del dorsal. El cost de la asseguran\u00e7a \u00e9s de 5 \u20ac.<\/p>\n<p><span style=\"color: #99cc00;\"><strong>Art 7.-<\/strong><\/span>\u00a0La participaci\u00f3 estar\u00e0 oberta a totes aquelles persones que formalitzin correctament la INSCRIPCI\u00d3 i el pagament relacionat amb la modalitat de cursa. L\u2019edat m\u00ednima de participaci\u00f3 ser\u00e0 de 18 anys fets el mateix dia de la prova i no es permet la participaci\u00f3 a cap menor d\u2019edat per la Mitja Marat\u00f3 dels Fars Nocturna \u2013 21KM. A la cursa popular els participants hauran de tenir fets, como a m\u00ednim, 16 anys el mateix dia de la cursa i comptar amb l\u2019autorizaci\u00f3 paterna omplerta i entregada a la recollida dels dorsals.<\/p>\n<p><span style=\"color: #99cc00;\"><strong>Art 8.-<\/strong><\/span> La inscripci\u00f3 inclou:<\/p>\n<ul>\n<li>Participaci\u00f3 a la cursa.<\/li>\n<li>Obsequi regal de la cursa.<\/li>\n<li>Avituallaments durant i al final de la cursa.<\/li>\n<li>Seguimient online a trav\u00e9s dels punts de pas.<\/li>\n<li>Servicio de guardarroba.<\/li>\n<li>Medalla de finisher.<\/li>\n<li>Servei de bus de trasllat des de l\u2019estaci\u00f3 mar\u00edtima fins les diferents sortides.<\/li>\n<\/ul>\n<p><span style=\"color: #99cc00;\"><strong>Art 9.- <\/strong><\/span>Cancel\u00b7lacions i modificacions de la inscripci\u00f3<\/p>\n<p>Nom\u00e9s es podr\u00e0 cancel\u00b7lar la inscripci\u00f3 de 2024 i passar-la a 2025, per a aquelles persones que ho sol\u00b7licitin <span style=\"color: #ff0000;\">abans de l&#8217;1 de setembre de 2024<\/span> en el mail contacto@elitechip.net. El cost d&#8217;aquesta gesti\u00f3 ser\u00e0 de 3 euros que es descomptar\u00e0 de l&#8217;import abonat en l&#8217;edici\u00f3 de 2024, quedant el saldo restant per a la inscripci\u00f3 de la Illa dels Trails 2025.<\/p>\n<p>Tamb\u00e9 hem creat unes altres formules\u00a0 en els apartats 9.1 i 9.2 perqu\u00e8 puguin gestionar millor la seva inscripci\u00f3 en cas que per motius de salut, o qualsevol altra\u00a0circumst\u00e0ncia\u00a0no pugui participar en la prova o la dist\u00e0ncia triada en el moment del registre.<\/p>\n<p>En cas que la prova hagi de suspendre&#8217;s, cancel\u00b7lar-se o no pugui celebrar-se a causa de factors externs inherents a l&#8217;organitzaci\u00f3, com per exemple alerta Taronja o vermella per motius meteorol\u00f2gics, motius sanitaris, pand\u00e8mies, denegacions d&#8217;autoritzacions, o que els serveis d&#8217;emerg\u00e8ncia no puguin cobrir la prova per altres emerg\u00e8ncies greus, com un incendi, una ensulsiada, que el tra\u00e7at del Cam\u00ed de Cavalls no pugui utilitzar-se a causa d&#8217;un incendi forestal, \u00e9s a dir intransitable a causa de la caiguda d&#8217;arbres, riuades, o motius meteorol\u00f2gics o qualsevol altra incid\u00e8ncia que l&#8217;organitzaci\u00f3 no sigui responsable directament, l&#8217;organitzaci\u00f3 es guarda el dret de poder modificar recorreguts, anul\u00b7lar trams, o simplement cancel\u00b7lar la prova, sense dret a cap indemnitzaci\u00f3, o devoluci\u00f3 dels imports d&#8217;inscripci\u00f3 per part de l&#8217;organitzaci\u00f3 cap als inscrits, no obstant aix\u00f2, l&#8217;organitzaci\u00f3 intentar\u00e0 oferir les millors alternatives en casos extrems i molt poc probables com els exposats.<\/p>\n<p>9.1: Cessi\u00f3 de dorsal:<\/p>\n<p>Es permetran cessions de dorsals <span style=\"color: #ff0000;\">fins al dia 1 de setembre de 2024.<\/span> El cost de les cessions ser\u00e0 de 15 \u20ac, independentment de si hi ha canvi de dist\u00e0ncia.<\/p>\n<p>En el cas que el nou participant desitgi participar en una dist\u00e0ncia superior, a part del cost de cessi\u00f3 de dorsal haur\u00e0 d&#8217;abonar la difer\u00e8ncia de preu de la dist\u00e0ncia.<\/p>\n<p>En el cas que el nou participant desitgi participar en una dist\u00e0ncia menor, haur\u00e0 d&#8217;abonar el cost de cessi\u00f3 de dorsal, i nom\u00e9s es retornar\u00e0 la difer\u00e8ncia dels imports en sol\u00b7licituds entrades <span style=\"color: #ff0000;\">abans del dia 1 de setembre de 2024.\u00a0<\/span><\/p>\n<p>9.2: Canvis de dist\u00e0ncia<\/p>\n<p>Es permetran canvis de dist\u00e0ncia en totes les proves, sempre que hi hagi disponibilitat de pla\u00e7a, <span style=\"color: #ff0000;\">fins al dia 1 de setembre de 2024,<\/span> el cost de la gesti\u00f3 ser\u00e0 de 10 \u20ac.<\/p>\n<p>En el cas que el participant desitgi participar en una dist\u00e0ncia superior, a part del cost de les despeses de gesti\u00f3 del canvi de dist\u00e0ncia haur\u00e0 d&#8217;abonar la difer\u00e8ncia de preu de la dist\u00e0ncia.<\/p>\n<p>En el cas que el participant desitgi c\u00f3rrer en una dist\u00e0ncia menor, haur\u00e0 d&#8217;abonar el cost de despeses de gesti\u00f3, i nom\u00e9s es retornar\u00e0 la difer\u00e8ncia dels imports en sol\u00b7licituds entrades <span style=\"color: #ff0000;\">abans del dia 1 de setembre de 2024.<\/span><\/p>\n<p><span style=\"color: #99cc00;\"><strong>Art 10.- <\/strong><\/span>Sancions: El corredor del\u00a0Trail\u00a0dels\u00a0Fars\u00a0Nocturna haur\u00e0 de portar el dorsal facilitat per l&#8217;organitzaci\u00f3 en tot moment, en un lloc visible en la part davantera, no podent ser retallat, doblegat ni modificat. L&#8217;incompliment d&#8217;aquest punt, implicar\u00e0 una sanci\u00f3 immediata\u00a0al corredor.Sortir\u00a0 del tra\u00e7at:<\/p>\n<p>Sortir del tra\u00e7at:<\/p>\n<ul>\n<li>Primera sanci\u00f3: 15 minuts<\/li>\n<li>Segona sanci\u00f3: 30 minuts<\/li>\n<li>Tercera sanci\u00f3: Desqualificaci\u00f3<\/li>\n<\/ul>\n<p>Tirar qualsevol tipus d&#8217;escombraries, trobar restes amb el n\u00famero de dorsal o no portar el n\u00famero de dorsal apuntat en els embolcalls de barretes i gels.<\/p>\n<ul>\n<li>Primera sanci\u00f3: 30 minuts<\/li>\n<li>Segona sanci\u00f3: 1 hora<\/li>\n<li>Tercera sanci\u00f3: Desqualificaci\u00f3<\/li>\n<\/ul>\n<p>C\u00f3rrer en qualsevol moment acompanyat d&#8217;alguna persona sense dorsal implicar\u00e0 la desqualificaci\u00f3 immediata.<\/p>\n<p><span style=\"color: #99cc00;\"><strong>Art 11.-<\/strong><\/span> \u00a0Lliurament de dorsals:<\/p>\n<p>Pots consultar <a href=\"https:\/\/illadelstrails.com\/ca\/programa-nocturna\/\">els dies, els llocs i els horaris en aquest enlla\u00e7.<\/a><\/p>\n<p>Dissabte 28 de setembre de 2024<\/p>\n<p>&#8211; S&#8217;efectuar\u00e0 de 13.00 a 18.00 hores en el Biosport Mar\u00edtim, en el port de Ma\u00f3.<br \/>\n&#8211; Hi haur\u00e0 br\u00edfing digital mitjan\u00e7ant la p\u00e0gina web oficial i la plataforma d&#8217;inscripci\u00f3. Es realitzar\u00e0 un petit br\u00edfing uns minuts abans d&#8217;iniciar la carrera. No hi haur\u00e0 br\u00edfing en el lliurament de dorsals, encara que si que hi haur\u00e0 un punt habilitat per a contestar dubtes.<\/p>\n<p><span style=\"color: #99cc00;\"><strong>Art 12.-<\/strong><\/span> La prova estar\u00e0 controlada de manera electr\u00f2nica mitjan\u00e7ant el sistema de xip de MyLaps. Tots els participants que no posseeixin un xip groc l&#8217;hauran de llogar (2 \u20ac de lloguer). En el proc\u00e9s d&#8217;inscripci\u00f3 s&#8217;ofereix aquesta possibilitat. Els participants hauran de portar el xip durant tot el recorregut, situant-lo en la sabatilla del corredor, ja que, en el cas contrari, les lectures dels temps no es realitzaran correctament. L&#8217;organitzaci\u00f3 situar\u00e0 controls al llarg de la carrera per a assegurar-se que els corredors completin el recorregut, a m\u00e9s de registrar els temps de pas de cadascun.<\/p>\n<p><span style=\"color: #99cc00;\"><strong>Art 13.-<\/strong><\/span> El recorregut de la carrera estar\u00e0 senyalitzat amb les fitas del GR-223 i discorrer\u00e0 pel Cam\u00ed de Cavalls fins a arribar a la Base Militar de Sant Isidre.<\/p>\n<p><span style=\"color: #99cc00;\"><strong>Art 14.-<\/strong><\/span> Qualsevol corredor que abandoni la prova durant el transcurs d&#8217;aquesta, haur\u00e0 de fer-ho en un avituallament i entregar el dorsal, en cas que no es retiri en un punt d&#8217;avituallament est\u00e0 OBLIGAT a avisar a l&#8217;organitzaci\u00f3.<\/p>\n<p><span style=\"color: #99cc00;\"><strong>Art 15.-<\/strong><\/span> L&#8217;organitzaci\u00f3 posar\u00e0 a la disposici\u00f3 de tots els participants 2 avituallaments repartits en tot el recorregut amb aigua, isot\u00f2nic, menjar i fruita, a m\u00e9s d&#8217;altres productes posats de l&#8217;organitzaci\u00f3. Cada corredor haur\u00e0 de portar el seu propi got o recipient ja que per a minimitzar l&#8217;impacte ambiental no se serviran gots en els avituallaments.<\/p>\n<p><span style=\"color: #99cc00;\"><strong>Art 16.-<\/strong><\/span> Est\u00e0 totalment prohibit rebre ajuda externa o avituallament durant el desenvolupament de la prova fora dels punts disposats per l&#8217;organitzaci\u00f3. Durant el transcurs de la carrera, els participants hauran de fer cas als membres de l&#8217;organitzaci\u00f3 de la prova en tot moment. El no compliment d&#8217;aquest punt implicar\u00e0 la desqualificaci\u00f3 immediata.<\/p>\n<p><span style=\"color: #99cc00;\"><strong>Art 17.-<\/strong><\/span> L&#8217;organitzaci\u00f3 podr\u00e0 utilitzar imatges, v\u00eddeos i sons dels participants durant la prova, incloent moments previs i posteriors, des de la recollida de dorsals, lliurament de premis i trasllat dels participants i sense cap l\u00edmit temporal per a utilitzar-los.<\/p>\n<p><span style=\"color: #99cc00;\"><strong>Art 18.-<\/strong><\/span> Qualsevol atleta que vulgui fer una reclamaci\u00f3 haur\u00e0 de presentar-la per escrit amb una fian\u00e7a de 50 \u20ac, perqu\u00e8 sigui admesa a tr\u00e0mit, la fian\u00e7a nom\u00e9s ser\u00e0 retornada en el cas que aquesta reclamaci\u00f3 sigui favorable al reclamant.<\/p>\n<p><span style=\"color: #99cc00;\"><strong>Art 19.-<\/strong><\/span> El temps l\u00edmit per a finalitzar la Trail dels Fars Nocturna ser\u00e0 de 4 hores. La resta de proves estaran subjectes al temps de tall de la Mitja Marat\u00f3. Tot participant que en algun control superi el temps de tall ser\u00e0 retirat, en cas de voler seguir en la prova haur\u00e0 de lliurar el dorsal i seguir sota la seva pr\u00f2pia responsabilitat.<\/p>\n<p>Temps de tall de carrera per a la Trail dels Fars Nocturna (la resta de proves estaran subjectes a aquests temps de tall):<\/p>\n<ul>\n<li>Avituallamient 1 Es Grau a 10 km del Far de Fav\u00e0ritx: 2 hores.<\/li>\n<li>Avituallamient 2 Sa Mesquida a 16km del Far de Fav\u00e0ritx: 3 hores.<\/li>\n<li>META a la Base Militar de San Isidro a 23km del Far de Fav\u00e0ritx: 4 hores.<\/li>\n<\/ul>\n<p><span style=\"color: #99cc00;\"><strong>Art 20.-<\/strong><\/span> Els horaris de sortida de les proves seran els seg\u00fcents:<\/p>\n<ul>\n<li>Trail Nocturna \u2013 23 KM salida a las 20 horas desde Far de Fav\u00e0ritx.<\/li>\n<li>Cursa popular sortida a las 21 hores des de Es Grau.<\/li>\n<\/ul>\n<p>A cada sortida hi haur\u00e0 servei de guarda-roba i les bosses es retornaran en la zona de meta.<\/p>\n<p><span style=\"color: #99cc00;\"><strong>Art 21.-<\/strong><\/span> Per poder participar l&#8217;organitzaci\u00f3 estableix un material obligatori que cada atleta haur\u00e0 de portar tant en la prova de 23KM com en la popular:<\/p>\n<ul>\n<li>Sistema d&#8217;hidrataci\u00f3 amb capacitat m\u00ednima de 0,50 L (no es lliuraran gots en els avituallaments a fi de reduir residus).<\/li>\n<li>Paravents o impermeable.<\/li>\n<li>Frontal. No podr\u00e0 superar els 50 l\u00famens de pot\u00e8ncia (50 metres d&#8217;abast).<\/li>\n<li>Llum vermella trassera.<\/li>\n<li>Tel\u00e8fon m\u00f2bil amb saldo i bateria.<\/li>\n<li>El n\u00famero de dorsal en tots els gels i barretes de cada participant.<\/li>\n<li>Manta t\u00e8rmica.<\/li>\n<li>Dorsal i xip.<\/li>\n<\/ul>\n<p>* L&#8217;organitzaci\u00f3 es reserva el dret d&#8217;afegir com a material m\u00ednim un paravents o impermeable a la llista de material en funci\u00f3 de la climatologia el dia de la carrera.<\/p>\n<p>**Abans de la sortida de la prova es realitzar\u00e0 un control del material obligatori.<\/p>\n<p><span style=\"color: #99cc00;\"><strong>Art 22.-<\/strong><\/span> Les categories de la prova seran:<\/p>\n<p><span style=\"color: #b8cd25;\"><strong>Trail des Fars Nocturna (Mitja Marat\u00f3)<\/strong><\/span><\/p>\n<ul>\n<li>S\u00e8nior Mascul\u00ed i Femen\u00ed<\/li>\n<li>Absolut Mascul\u00ed i Femen\u00ed<\/li>\n<li>Veterans M-40 i Veteranes F-40<\/li>\n<li>Veterans M50 i Veteranes F-50<\/li>\n<\/ul>\n<p><span style=\"color: #b8cd25;\"><strong>Cursa popular<\/strong><\/span><\/p>\n<ul>\n<li>Absolut Mascul\u00ed i Femen\u00ed<\/li>\n<\/ul>\n<p>El lliurament de trofeus es far\u00e0 en la Base Militar de Sant Isidre, a les 22.30 hores.<\/p>\n<p><span style=\"color: #99cc00;\"><strong>Art 23.-<\/strong><\/span> L&#8217;autob\u00fas est\u00e0 incl\u00f2s en el preu d&#8217;inscripci\u00f3 en totes les dist\u00e0ncies. En la Sortida del Far de Fav\u00e0ritx, nom\u00e9s es podr\u00e0 accedir amb vehicles de l&#8217;organitzaci\u00f3. Els horaris de bus seran:<br \/>\n<strong>19.00 h<\/strong> Sortida busos 23 Km des del parking de la Base de San Isidro dest\u00ed Far de Fav\u00e0ritx.<br \/>\n<strong>20.15 h<\/strong> Sortida busos Cursa Popular 13 Km des del parking de la Base de San Isidro dest\u00ed \u00c9s Grau.<\/p>\n<p>* Es recomanaa anar-hi amb el m\u00e0xim de temps possible ja que es far\u00e0 un control de seguretat d&#8217;acceso a la base a totss elss participants.<\/p>\n<p>Hi haur\u00e0 zona d&#8217;aparcament limitat per al p\u00fablic, en la Base Militar de Sant Isidre.<\/p>\n<p><span style=\"color: #99cc00;\"><strong>Art 24.-<\/strong><\/span> La participaci\u00f3 en la prova implica el coneixement i l&#8217;acceptaci\u00f3 d&#8217;aquestes normes de car\u00e0cter especial amb el medi ambient que es publiqu\u00e9s espec\u00edficament per a aquesta prova:<\/p>\n<ul>\n<li>No cridar.<\/li>\n<li>No sortir del cam\u00ed tra\u00e7at.<\/li>\n<li>Evitar trepitjar vegetaci\u00f3.<\/li>\n<li>L&#8217;\u00fas de bastons estar\u00e0 perm\u00e8s \u00fanicament amb l&#8217;\u00fas de puntes de goma o taps en les puntes.<\/li>\n<li>Queda totalment prohibit tirar embolcalls o qualsevol tipus de restes, tant org\u00e0nics com no org\u00e0nics<\/li>\n<\/ul>\n<p><\/p>","protected":false},"excerpt":{"rendered":"<p>Art 1.- La Trail dels Fars Nocturna est\u00e0 organitzat per Xtrem Menorca Atletismo, i coordinat per Elitechip SL i Biosport Menorca. Art 2.- La Trail dels Fars Nocturna es disputar\u00e0 el 28 de setembre de 2024 i constar\u00e0 de 2 proves, la Mitja Marat\u00f3 (23km) amb sortida al Far de Fav\u00e0ritx i la cursa popular [&hellip;]<\/p>\n","protected":false},"author":1,"featured_media":0,"parent":0,"menu_order":0,"comment_status":"closed","ping_status":"closed","template":"","meta":{"spay_email":"","footnotes":""},"class_list":["post-2497","page","type-page","status-publish","hentry"],"acf":[],"jetpack-related-posts":[{"id":2493,"url":"https:\/\/illadelstrails.com\/ca\/presentacion-nocturna\/","url_meta":{"origin":2497,"position":0},"title":"Presentaci\u00f3","date":"29 December, 2020","format":false,"excerpt":"\u201cEl silenci de la nit augmenta els nostres temors\u201d. Amb aquesta premissa neix el repte de la Trail dels Fars nocturna que ofereix la possibilitat a cada persona d'enfrontar-se a un recorregut de 21 kil\u00f3metors que separen l'impressionant far de Fav\u00e0ritx i la meta, en la Base Militar de Sant\u2026","rel":"","context":"Similar post","img":{"alt_text":"","src":"","width":0,"height":0},"classes":[]},{"id":2464,"url":"https:\/\/illadelstrails.com\/ca\/carrera-nocturna\/","url_meta":{"origin":2497,"position":1},"title":"Cursa","date":"29 December, 2020","format":false,"excerpt":"[vc_row full_width=\"stretch_row_content_no_spaces\" uniqid=\"5cd01026a5478\"][vc_column][\/vc_column][\/vc_row][vc_row full_width=\"stretch_row\" content_color=\"light\" css=\".vc_custom_1558330186888{padding-top: 85px !important;padding-bottom: 100px !important;}\" uniqid=\"5cd03094e1883\"][vc_column css_animation=\"fadeInLeft\" width=\"1\/2\" parallax=\"\" uniqid=\"5ce272ecf602a\"][vc_single_image image=\"3370\" img_size=\"full\"][\/vc_column][vc_column css_animation=\"fadeInRight\" width=\"1\/2\" parallax=\"\" uniqid=\"5ce272f7bc581\"][\/vc_column][\/vc_row][vc_row full_width=\"stretch_row\" background_parallax=\"on\" background_parallax_speed=\"0.8\" content_color=\"light\" bg_overlay=\"on\" color_overlay=\"\" gradient_overlay=\"\" uniqid=\"5cd122168957c\" background_image=\"2316\" overlay_bottom_offset=\"60\" css=\".vc_custom_1609397884274{padding-top: 30px !important;}\"][vc_column][\/vc_column][\/vc_row][vc_row full_width=\"stretch_row\" content_color=\"light\" bg_overlay=\"\" css=\".vc_custom_1608290197506{padding-top: 40px !important;padding-bottom: 40px !important;}\" uniqid=\"5cd1243cf84a7\"][vc_column][\/vc_column][\/vc_row][vc_row full_width=\"stretch_row\" content_color=\"light\" css=\".vc_custom_1557210858199{padding-bottom: 70px !important;}\" uniqid=\"5cc2c71703dd1\"][vc_column][\/vc_column][\/vc_row][vc_row][vc_column][\/vc_column][\/vc_row]","rel":"","context":"Similar post","img":{"alt_text":"","src":"","width":0,"height":0},"classes":[]},{"id":2495,"url":"https:\/\/illadelstrails.com\/ca\/programa-nocturna\/","url_meta":{"origin":2497,"position":2},"title":"Programa","date":"29 December, 2020","format":false,"excerpt":"Dijous 26 de setembre de 2024 Recollida de dorsals pels atletes que ho van demanar en el moment de la inscripci\u00f3. Poliesportiu Municipal de Sant Llu\u00eds De 8.00 a 14.00 hores De 15.30 a 23.00 hores Poliesportiu Municipal des Mercadal De 8.00 a 13.00 hores De 16.00 a 22.00 hores\u2026","rel":"","context":"Similar post","img":{"alt_text":"","src":"","width":0,"height":0},"classes":[]},{"id":2509,"url":"https:\/\/illadelstrails.com\/ca\/video-nocturna\/","url_meta":{"origin":2497,"position":3},"title":"V\u00eddeo","date":"29 December, 2020","format":false,"excerpt":"[vc_row][vc_column][\/vc_column][\/vc_row]","rel":"","context":"Similar post","img":{"alt_text":"","src":"","width":0,"height":0},"classes":[]},{"id":2563,"url":"https:\/\/illadelstrails.com\/ca\/reglamento-trail-dels-barrancs\/","url_meta":{"origin":2497,"position":4},"title":"Reglament","date":"31 December, 2020","format":false,"excerpt":"Art 1.-El Trail dels Barrancs est\u00e0 organitzada per Xtrem Menorca Atletisme, i coordinat per Elitechip SL i Biosport Menorca. Art 2.- El Trail dels Barrancs es disputar\u00e0 el 24 d'abril de 2022 i constar\u00e0 de 3 proves, la Trail dels Barrancs (38 km) amb sortida i arribada en el municipi\u2026","rel":"","context":"Similar post","img":{"alt_text":"","src":"","width":0,"height":0},"classes":[]},{"id":1544,"url":"https:\/\/illadelstrails.com\/ca\/reglamento-trail-dels-fars\/","url_meta":{"origin":2497,"position":5},"title":"Reglament","date":"21 December, 2020","format":false,"excerpt":"El Trail dels Fars est\u00e0 organitzada per Elitechip SL. amb la intenci\u00f3 de tornar als origens del trail a Menorca. Una prova \u00fanica, un recorregut dur, i exclusiu per gaudir durant la cursa. El Trail dels Fars es disputar\u00e0 el 1 de febrer de 2026 i constar\u00e0 de 3 proves\u2026","rel":"","context":"Similar post","img":{"alt_text":"","src":"","width":0,"height":0},"classes":[]}],"_links":{"self":[{"href":"https:\/\/illadelstrails.com\/ca\/wp-json\/wp\/v2\/pages\/2497"}],"collection":[{"href":"https:\/\/illadelstrails.com\/ca\/wp-json\/wp\/v2\/pages"}],"about":[{"href":"https:\/\/illadelstrails.com\/ca\/wp-json\/wp\/v2\/types\/page"}],"author":[{"embeddable":true,"href":"https:\/\/illadelstrails.com\/ca\/wp-json\/wp\/v2\/users\/1"}],"replies":[{"embeddable":true,"href":"https:\/\/illadelstrails.com\/ca\/wp-json\/wp\/v2\/comments?post=2497"}],"version-history":[{"count":32,"href":"https:\/\/illadelstrails.com\/ca\/wp-json\/wp\/v2\/pages\/2497\/revisions"}],"predecessor-version":[{"id":5390,"href":"https:\/\/illadelstrails.com\/ca\/wp-json\/wp\/v2\/pages\/2497\/revisions\/5390"}],"wp:attachment":[{"href":"https:\/\/illadelstrails.com\/ca\/wp-json\/wp\/v2\/media?parent=2497"}],"curies":[{"name":"wp","href":"https:\/\/api.w.org\/{rel}","templated":true}]}}