{"id":1902,"date":"2020-12-23T12:23:37","date_gmt":"2020-12-23T10:23:37","guid":{"rendered":"https:\/\/illadelstrails.com\/?page_id=1902"},"modified":"2026-03-05T15:40:19","modified_gmt":"2026-03-05T13:40:19","slug":"programa-october-trail","status":"publish","type":"page","link":"https:\/\/illadelstrails.com\/ca\/programa-october-trail\/","title":{"rendered":"Programa"},"content":{"rendered":"<p><\/p>\n<h3><span style=\"color: #b8cd25;\"><strong>Divendres 23 d&#8217;octubre de 2026<\/strong><\/span><\/h3>\n<p><strong>Recollida de dorsals.<\/strong><\/p>\n<p><span style=\"color: #b8cd25;\">Hotel Lago Resort Menorca, en Cala&#8217;n Bosch<\/span><br \/>\nDe 16:00 a 21:00 hores<\/p>\n<h3><span style=\"color: #b8cd25;\"><strong>Dissabte 24 d&#8217;octubre de 2026<\/strong><\/span><\/h3>\n<p><span style=\"color: #b8cd25;\">8:15 hores\u00a0<\/span><br \/>\nSortida del bus desde el Lago Resort Menorca cap a Son Bou, zona de sortida dels 32KM *. <a href=\"https:\/\/www.google.es\/maps\/place\/39%C2%B055'42.1%22N+3%C2%B050'15.2%22E\/@39.9283505,3.8367498,216m\/data=!3m2!1e3!4b1!4m6!3m5!1s0x0:0x2037d03b9ef5d1d7!7e2!8m2!3d39.9283486!4d3.837555?hl=es\">AQUI<\/a><\/p>\n<p><span style=\"color: #b8cd25;\">8:15 hores<br \/>\n<\/span>Sortida del bus desde el Lago Resort Menorca cap al parking de Cala Mitjana, zona de sortida dels 19KM Sortida 1. * <a href=\"https:\/\/www.google.es\/maps\/place\/39%C2%B055'42.1%22N+3%C2%B050'15.2%22E\/@39.9283505,3.8367498,216m\/data=!3m2!1e3!4b1!4m6!3m5!1s0x0:0x2037d03b9ef5d1d7!7e2!8m2!3d39.9283486!4d3.837555?hl=es\">AQUI<\/a><\/p>\n<p><span style=\"color: #b8cd25;\">9:00 hores<br \/>\n<\/span>Sortida del bus desde el Lago Resort Menorca cap al parking de Cala Mitjana, zona de sortida dels 19KM Sortida 2. * <a href=\"https:\/\/www.google.es\/maps\/place\/39%C2%B055'42.1%22N+3%C2%B050'15.2%22E\/@39.9283505,3.8367498,216m\/data=!3m2!1e3!4b1!4m6!3m5!1s0x0:0x2037d03b9ef5d1d7!7e2!8m2!3d39.9283486!4d3.837555?hl=es\">AQUI<\/a><\/p>\n<p><span style=\"color: #b8cd25;\">9:30 hores\u00a0<\/span><br \/>\nSortida de l&#8217;October Trail Menorca\u2013 32KM desde el parking de la platja de Son Bou.<\/p>\n<p><span style=\"color: #b8cd25;\">9:30 hores\u00a0<\/span><br \/>\nSortida 1 de l&#8217;October Trail Menorca\u2013 19KM desde el parking de Cala Mitjana.<\/p>\n<p><span style=\"color: #b8cd25;\">10:15 hores\u00a0<\/span><br \/>\nSortida 2 de l&#8217;October Trail Menorca\u2013 19KM desde el parking de Cala Mitjana.<\/p>\n<p><span style=\"color: #b8cd25;\">10:45 hores<\/span><br \/>\nSortida del bus desde el Lago Resort Menorca cap al parking de Calan Turqueta, zona de sortida dels 11KM Sortida 1. * <a href=\"https:\/\/www.google.es\/maps\/place\/39%C2%B055'42.1%22N+3%C2%B050'15.2%22E\/@39.9283505,3.8367498,216m\/data=!3m2!1e3!4b1!4m6!3m5!1s0x0:0x2037d03b9ef5d1d7!7e2!8m2!3d39.9283486!4d3.837555?hl=es\">AQU\u00cd<\/a><\/p>\n<p><span style=\"color: #b8cd25;\">11:50 hores<br \/>\n<\/span>Sortida del bus desde el Lago Resort Menorca cap al parking de Calan Turqueta, zona de sortida dels 11KM Sortida 2. * <a href=\"https:\/\/www.google.es\/maps\/place\/39%C2%B055'42.1%22N+3%C2%B050'15.2%22E\/@39.9283505,3.8367498,216m\/data=!3m2!1e3!4b1!4m6!3m5!1s0x0:0x2037d03b9ef5d1d7!7e2!8m2!3d39.9283486!4d3.837555?hl=es\">AQU\u00cd<\/a><\/p>\n<p><span style=\"color: #b8cd25;\">12:00 hores<\/span><br \/>\nSorida 1 de l&#8217;October Trail Menorca\u2013 11KM desde el parking de Calan Turqueta.<\/p>\n<p><span style=\"color: #b8cd25;\">12:50 hores<\/span><br \/>\nSortida 2 de l&#8217;October Trail Menorca\u2013 11KM desde el parking de Calan Turqueta.<\/p>\n<p><span style=\"color: #b8cd25;\">16:00 hores<\/span><br \/>\nEntrega de trofeus a la zona de meta.<\/p>\n<p><em>* El bus est\u00e0 incl\u00f2s al preu de la inscripci\u00f3.<\/em><\/p>","protected":false},"excerpt":{"rendered":"<p>Divendres 23 d&#8217;octubre de 2026 Recollida de dorsals. Hotel Lago Resort Menorca, en Cala&#8217;n Bosch De 16:00 a 21:00 hores Dissabte 24 d&#8217;octubre de 2026 8:15 hores\u00a0 Sortida del bus desde el Lago Resort Menorca cap a Son Bou, zona de sortida dels 32KM *. AQUI 8:15 hores Sortida del bus desde el Lago Resort [&hellip;]<\/p>\n","protected":false},"author":1,"featured_media":0,"parent":0,"menu_order":0,"comment_status":"closed","ping_status":"closed","template":"","meta":{"spay_email":"","footnotes":""},"class_list":["post-1902","page","type-page","status-publish","hentry"],"acf":[],"jetpack-related-posts":[{"id":1908,"url":"https:\/\/illadelstrails.com\/ca\/reglamento-october-trail\/","url_meta":{"origin":1902,"position":0},"title":"Reglament","date":"23 December, 2020","format":false,"excerpt":"L\u2019October Trail Menorca est\u00e0 organitzada per Club Esportiu Biosport Menorca, i coordinat per Elitechip SL i Biosport Menorca. Tots els participants s\u2019han d\u2019afegir obligat\u00f2riament al Canal de Whatsapp \u2013 October Trail 2025. L\u2019enlla\u00e7 s\u2019enviar\u00e0 amb el justificant de l\u2019inscripci\u00f3. Aquest canal servir\u00e0 per emetre Comunicats oficials de cara a la\u2026","rel":"","context":"Similar post","img":{"alt_text":"","src":"","width":0,"height":0},"classes":[]},{"id":2715,"url":"https:\/\/illadelstrails.com\/ca\/programa-trail-del-nord\/","url_meta":{"origin":1902,"position":1},"title":"Programa","date":"8 February, 2021","format":false,"excerpt":"Dimecres 11 de mar\u00e7 de 2026 Recollida de dorsals pels atletes que ho van demanar al moment de la inscripci\u00f3. Poliesportiu Municipal de Sant Lluis De 8:00 a 14:00 hores De 15:30 a 23:00 hores Poliesportiu Municipal des Mercadal De 8:00 a 13:00 hores De 16:00 a 22:00 hores Piscina\u2026","rel":"","context":"Similar post","img":{"alt_text":"","src":"","width":0,"height":0},"classes":[]},{"id":1528,"url":"https:\/\/illadelstrails.com\/ca\/programa-trail-dels-fars\/","url_meta":{"origin":1902,"position":2},"title":"Programa","date":"21 December, 2020","format":false,"excerpt":"Dijous 29 de gener de 2025 Recollida de dorsals pels atletas que ho van demanar al moment de la inscripci\u00f3. Poliesportiu Municipal de Ma\u00f3 De 17.00 a 19.30 horas. Divendres 30 de gener de 2025 Recollida de dorsals pels atletas que ho van demanar al moment de la inscripci\u00f3. Poliesportiu\u2026","rel":"","context":"Similar post","img":{"alt_text":"","src":"","width":0,"height":0},"classes":[]},{"id":1875,"url":"https:\/\/illadelstrails.com\/ca\/carrera-october-trail\/","url_meta":{"origin":1902,"position":3},"title":"Cursa","date":"23 December, 2020","format":false,"excerpt":"[vc_row full_width=\"stretch_row_content_no_spaces\" uniqid=\"5cd01026a5478\"][vc_column][\/vc_column][\/vc_row][vc_row full_width=\"stretch_row\" content_color=\"light\" css=\".vc_custom_1558330186888{padding-top: 85px !important;padding-bottom: 100px !important;}\" uniqid=\"5cd03094e1883\"][vc_column css_animation=\"fadeInLeft\" width=\"1\/2\" parallax=\"\" uniqid=\"5ce272ecf602a\"][vc_single_image image=\"1878\" img_size=\"full\"][\/vc_column][vc_column css_animation=\"fadeInRight\" width=\"1\/2\" parallax=\"\" uniqid=\"5ce272f7bc581\"][\/vc_column][\/vc_row][vc_row full_width=\"stretch_row\" background_parallax=\"on\" background_parallax_speed=\"0.8\" content_color=\"light\" bg_overlay=\"on\" color_overlay=\"\" gradient_overlay=\"\" uniqid=\"5cd122168957c\" background_image=\"1881\" overlay_bottom_offset=\"60\" css=\".vc_custom_1608715827876{padding-top: 30px !important;}\"][vc_column][\/vc_column][\/vc_row][vc_row full_width=\"stretch_row\" content_color=\"light\" bg_overlay=\"\" css=\".vc_custom_1608290197506{padding-top: 40px !important;padding-bottom: 40px !important;}\" uniqid=\"5cd1243cf84a7\"][vc_column][\/vc_column][\/vc_row][vc_row full_width=\"stretch_row\" content_color=\"light\" css=\".vc_custom_1557210858199{padding-bottom: 70px !important;}\" uniqid=\"5cc2c71703dd1\"][vc_column][\/vc_column][\/vc_row][vc_row][vc_column][\/vc_column][\/vc_row]","rel":"","context":"Similar post","img":{"alt_text":"","src":"","width":0,"height":0},"classes":[]},{"id":2495,"url":"https:\/\/illadelstrails.com\/ca\/programa-nocturna\/","url_meta":{"origin":1902,"position":4},"title":"Programa","date":"29 December, 2020","format":false,"excerpt":"Dijous 26 de setembre de 2024 Recollida de dorsals pels atletes que ho van demanar en el moment de la inscripci\u00f3. Poliesportiu Municipal de Sant Llu\u00eds De 8.00 a 14.00 hores De 15.30 a 23.00 hores Poliesportiu Municipal des Mercadal De 8.00 a 13.00 hores De 16.00 a 22.00 hores\u2026","rel":"","context":"Similar post","img":{"alt_text":"","src":"","width":0,"height":0},"classes":[]},{"id":1897,"url":"https:\/\/illadelstrails.com\/ca\/presentacion-october-trail\/","url_meta":{"origin":1902,"position":5},"title":"Presentaci\u00f3","date":"23 December, 2020","format":false,"excerpt":"La October Trail Menorca tindr\u00e0 lloc el 24 d'octubre del 2026, una carrera de trail per la costa sud de Menorca seguint el Cam\u00ed de Cavalls amb les dist\u00e0ncies de 11KM, 19KM i 32KM. L'esdeveniment, amb inici a la urbanitzaci\u00f3 de Son Bou (Alaior), seguir\u00e0 el\u00a0Cam\u00ed\u00a0de\u00a0Cavalls\u00a0fins a la platja de\u00a0Calan\u00a0Bosch\u2026","rel":"","context":"Similar post","img":{"alt_text":"","src":"","width":0,"height":0},"classes":[]}],"_links":{"self":[{"href":"https:\/\/illadelstrails.com\/ca\/wp-json\/wp\/v2\/pages\/1902"}],"collection":[{"href":"https:\/\/illadelstrails.com\/ca\/wp-json\/wp\/v2\/pages"}],"about":[{"href":"https:\/\/illadelstrails.com\/ca\/wp-json\/wp\/v2\/types\/page"}],"author":[{"embeddable":true,"href":"https:\/\/illadelstrails.com\/ca\/wp-json\/wp\/v2\/users\/1"}],"replies":[{"embeddable":true,"href":"https:\/\/illadelstrails.com\/ca\/wp-json\/wp\/v2\/comments?post=1902"}],"version-history":[{"count":25,"href":"https:\/\/illadelstrails.com\/ca\/wp-json\/wp\/v2\/pages\/1902\/revisions"}],"predecessor-version":[{"id":6431,"href":"https:\/\/illadelstrails.com\/ca\/wp-json\/wp\/v2\/pages\/1902\/revisions\/6431"}],"wp:attachment":[{"href":"https:\/\/illadelstrails.com\/ca\/wp-json\/wp\/v2\/media?parent=1902"}],"curies":[{"name":"wp","href":"https:\/\/api.w.org\/{rel}","templated":true}]}}