{"id":1562,"date":"2020-12-21T11:19:09","date_gmt":"2020-12-21T09:19:09","guid":{"rendered":"https:\/\/illadelstrails.com\/?page_id=1562"},"modified":"2020-12-21T11:19:09","modified_gmt":"2020-12-21T09:19:09","slug":"presentacion-illa-dels-trails","status":"publish","type":"page","link":"https:\/\/illadelstrails.com\/ca\/presentacion-illa-dels-trails\/","title":{"rendered":"Presentaci\u00f3n"},"content":{"rendered":"<p>Text per a crear<\/p>\n","protected":false},"excerpt":{"rendered":"<p>Text per a crear<\/p>\n","protected":false},"author":1,"featured_media":0,"parent":0,"menu_order":0,"comment_status":"closed","ping_status":"closed","template":"","meta":{"spay_email":"","footnotes":""},"class_list":["post-1562","page","type-page","status-publish","hentry"],"acf":[],"jetpack-related-posts":[{"id":2493,"url":"https:\/\/illadelstrails.com\/ca\/presentacion-nocturna\/","url_meta":{"origin":1562,"position":0},"title":"Presentaci\u00f3","date":"29 December, 2020","format":false,"excerpt":"\u201cEl silenci de la nit augmenta els nostres temors\u201d. Amb aquesta premissa neix el repte de la Trail dels Fars nocturna que ofereix la possibilitat a cada persona d'enfrontar-se a un recorregut de 21 kil\u00f3metors que separen l'impressionant far de Fav\u00e0ritx i la meta, en la Base Militar de Sant\u2026","rel":"","context":"Similar post","img":{"alt_text":"","src":"","width":0,"height":0},"classes":[]},{"id":2713,"url":"https:\/\/illadelstrails.com\/ca\/presentacion-trail-del-nord\/","url_meta":{"origin":1562,"position":1},"title":"Presentaci\u00f3","date":"8 February, 2021","format":false,"excerpt":"La Trail del Nord torna oferint una nova aventura on no faltar\u00e0 el desnivell pels m\u00e9s preparats i on els participants de la Trail Popular tamb\u00e9 pujaran a Santa \u00c0gueda acabant a a Ferreries. Els 30 quil\u00f2metres, amb m\u00e9s de 700 metres de desnivell positiu, arrencaran al Cam\u00ed de Binimetl\u00b7l\u00e0\u2026","rel":"","context":"Similar post","img":{"alt_text":"","src":"","width":0,"height":0},"classes":[]},{"id":1897,"url":"https:\/\/illadelstrails.com\/ca\/presentacion-october-trail\/","url_meta":{"origin":1562,"position":2},"title":"Presentaci\u00f3","date":"23 December, 2020","format":false,"excerpt":"La October Trail Menorca tindr\u00e0 lloc el 24 d'octubre del 2026, una carrera de trail per la costa sud de Menorca seguint el Cam\u00ed de Cavalls amb les dist\u00e0ncies de 11KM, 19KM i 32KM. L'esdeveniment, amb inici a la urbanitzaci\u00f3 de Son Bou (Alaior), seguir\u00e0 el\u00a0Cam\u00ed\u00a0de\u00a0Cavalls\u00a0fins a la platja de\u00a0Calan\u00a0Bosch\u2026","rel":"","context":"Similar post","img":{"alt_text":"","src":"","width":0,"height":0},"classes":[]},{"id":2,"url":"https:\/\/illadelstrails.com\/ca\/pagina-exemple\/","url_meta":{"origin":1562,"position":3},"title":"P\u00e0gina d&#8217;exemple","date":"2 December, 2020","format":false,"excerpt":"Aquest \u00e9s una p\u00e0gina d'exemple. \u00c9s diferent d'una entrada del blog perqu\u00e8 es mantindr\u00e0 en un lloc i apareixer\u00e0 a la navegaci\u00f3 del lloc (a la majoria de temes). Molta gent comen\u00e7a amb la p\u00e0gina \u00abQuant a\u00bb, que els presenta als potencials visitants del lloc web. Podria dir alguna cosa\u2026","rel":"","context":"Similar post","img":{"alt_text":"","src":"","width":0,"height":0},"classes":[]},{"id":2464,"url":"https:\/\/illadelstrails.com\/ca\/carrera-nocturna\/","url_meta":{"origin":1562,"position":4},"title":"Cursa","date":"29 December, 2020","format":false,"excerpt":"[vc_row full_width=\"stretch_row_content_no_spaces\" uniqid=\"5cd01026a5478\"][vc_column][\/vc_column][\/vc_row][vc_row full_width=\"stretch_row\" content_color=\"light\" css=\".vc_custom_1558330186888{padding-top: 85px !important;padding-bottom: 100px !important;}\" uniqid=\"5cd03094e1883\"][vc_column css_animation=\"fadeInLeft\" width=\"1\/2\" parallax=\"\" uniqid=\"5ce272ecf602a\"][vc_single_image image=\"3370\" img_size=\"full\"][\/vc_column][vc_column css_animation=\"fadeInRight\" width=\"1\/2\" parallax=\"\" uniqid=\"5ce272f7bc581\"][\/vc_column][\/vc_row][vc_row full_width=\"stretch_row\" background_parallax=\"on\" background_parallax_speed=\"0.8\" content_color=\"light\" bg_overlay=\"on\" color_overlay=\"\" gradient_overlay=\"\" uniqid=\"5cd122168957c\" background_image=\"2316\" overlay_bottom_offset=\"60\" css=\".vc_custom_1609397884274{padding-top: 30px !important;}\"][vc_column][\/vc_column][\/vc_row][vc_row full_width=\"stretch_row\" content_color=\"light\" bg_overlay=\"\" css=\".vc_custom_1608290197506{padding-top: 40px !important;padding-bottom: 40px !important;}\" uniqid=\"5cd1243cf84a7\"][vc_column][\/vc_column][\/vc_row][vc_row full_width=\"stretch_row\" content_color=\"light\" css=\".vc_custom_1557210858199{padding-bottom: 70px !important;}\" uniqid=\"5cc2c71703dd1\"][vc_column][\/vc_column][\/vc_row][vc_row][vc_column][\/vc_column][\/vc_row]","rel":"","context":"Similar post","img":{"alt_text":"","src":"","width":0,"height":0},"classes":[]},{"id":2704,"url":"https:\/\/illadelstrails.com\/ca\/carrera-trail-del-nord\/","url_meta":{"origin":1562,"position":5},"title":"Carrera","date":"8 February, 2021","format":false,"excerpt":"[vc_row full_width=\"stretch_row_content_no_spaces\" uniqid=\"5cd01026a5478\"][vc_column][\/vc_column][\/vc_row][vc_row full_width=\"stretch_row\" content_color=\"light\" css=\".vc_custom_1558330186888{padding-top: 85px !important;padding-bottom: 100px !important;}\" uniqid=\"5cd03094e1883\"][vc_column css_animation=\"fadeInLeft\" width=\"1\/2\" parallax=\"\" uniqid=\"5ce272ecf602a\"][vc_single_image image=\"2705\" img_size=\"full\"][\/vc_column][vc_column css_animation=\"fadeInRight\" width=\"1\/2\" parallax=\"\" uniqid=\"5ce272f7bc581\"][\/vc_column][\/vc_row][vc_row full_width=\"stretch_row\" background_parallax=\"on\" background_parallax_speed=\"0.8\" content_color=\"light\" bg_overlay=\"on\" color_overlay=\"\" gradient_overlay=\"\" uniqid=\"5cd122168957c\" background_image=\"2068\" overlay_bottom_offset=\"60\" css=\".vc_custom_1617375407315{padding-top: 30px !important;}\"][vc_column][\/vc_column][\/vc_row][vc_row full_width=\"stretch_row\" background_parallax=\"on\" background_parallax_speed=\"0.8\" content_color=\"light\" bg_overlay=\"on\" color_overlay=\"\" gradient_overlay=\"\" overlay_bottom_offset=\"60\" css=\".vc_custom_1642449605134{padding-top: 30px !important;}\" uniqid=\"61e5cab8c795e\"][vc_column][\/vc_column][\/vc_row][vc_row full_width=\"stretch_row\" content_color=\"light\" css=\".vc_custom_1557210858199{padding-bottom: 70px\u2026","rel":"","context":"Similar post","img":{"alt_text":"","src":"","width":0,"height":0},"classes":[]}],"_links":{"self":[{"href":"https:\/\/illadelstrails.com\/ca\/wp-json\/wp\/v2\/pages\/1562"}],"collection":[{"href":"https:\/\/illadelstrails.com\/ca\/wp-json\/wp\/v2\/pages"}],"about":[{"href":"https:\/\/illadelstrails.com\/ca\/wp-json\/wp\/v2\/types\/page"}],"author":[{"embeddable":true,"href":"https:\/\/illadelstrails.com\/ca\/wp-json\/wp\/v2\/users\/1"}],"replies":[{"embeddable":true,"href":"https:\/\/illadelstrails.com\/ca\/wp-json\/wp\/v2\/comments?post=1562"}],"version-history":[{"count":1,"href":"https:\/\/illadelstrails.com\/ca\/wp-json\/wp\/v2\/pages\/1562\/revisions"}],"predecessor-version":[{"id":1563,"href":"https:\/\/illadelstrails.com\/ca\/wp-json\/wp\/v2\/pages\/1562\/revisions\/1563"}],"wp:attachment":[{"href":"https:\/\/illadelstrails.com\/ca\/wp-json\/wp\/v2\/media?parent=1562"}],"curies":[{"name":"wp","href":"https:\/\/api.w.org\/{rel}","templated":true}]}}