{"id":1526,"date":"2020-12-21T10:21:14","date_gmt":"2020-12-21T08:21:14","guid":{"rendered":"https:\/\/illadelstrails.com\/?page_id=1526"},"modified":"2025-11-25T13:20:34","modified_gmt":"2025-11-25T11:20:34","slug":"presentacion-trail-dels-fars","status":"publish","type":"page","link":"https:\/\/illadelstrails.com\/ca\/presentacion-trail-dels-fars\/","title":{"rendered":"Presentaci\u00f3"},"content":{"rendered":"<p>Els 46 quil\u00f2metres que separen el far de Cavalleria de la l\u00ednia de meta de la Trail dels Fars a Menorca s\u00f3n una aventura per a tots els sentits. Una s\u00e8rie de diferents dist\u00e0ncies dins de la mateixa cursa que tindr\u00e0 lloc el dia 1 de febrer de 2026. No perqu\u00e8 vari\u00ef el recorregut, majorit\u00e0riament pegat a la mar, sin\u00f3 perqu\u00e8 les condicions climatol\u00f2giques fan canviar l&#8217;experi\u00e8ncia convertint-la en un aut\u00e8ntic repte, des de l&#8217;assolellat dia de la primera edici\u00f3 fins a la freda segona carrera en la qual el vent del nord i les males condicions de la mar van condicionar el seu desenvolupament convertint-la en una cursa \u00e8pica.<\/p>\n<p>Amb l&#8217;experi\u00e8ncia ininterrompuda des de 2014 a l&#8217;esquena i m\u00e9s de 8000 participants, la prova, organitzada per les empreses Biosport Menorca i Elitechip, s&#8217;ha desmarcat com una alternativa ideal no sols esportiva sin\u00f3 tamb\u00e9 social ja que serveix com a excusa per a visitar els encants de l&#8217;illa de Menorca en temporada baixa, lluny de les massificacions tur\u00edstiques. Un repte que ja ha atret a corredors de primer nivell de la talla dels campions del M\u00f3n Nuria Piques, Fernanda Maciel, T\u00f3ful Castanyer, Pau Capell i la campiona de la Spain Ultra Cup de Trail, Laia D\u00edez.<\/p>\n<p>El tra\u00e7at ofereix 46 quil\u00f2metres en els quals el corredor i la corredora es van trobant asfalt, sorra de platja, pedra, pista i cam\u00ed en un recorregut que es mant\u00e9 majorit\u00e0riament prop de la mar. L&#8217;inici de la prova es dona en l&#8217;emblem\u00e0tic far de\u00a0Cavalleria, una pen\u00ednsula allargada i envoltada per mar als dos costats que ofereix una sortida r\u00e0pida i amb imatges espectaculars.<\/p>\n<p>Despr\u00e9s d&#8217;una primera dosi d&#8217;asfalt, els corredors prenen el Cam\u00ed de Cavalls, un cam\u00ed amb m\u00e9s de 300 anys d&#8217;hist\u00f2ria que envolta tota l&#8217;Illa i que en aquest tram passa per les platges verges de Cavalleria, Binimetl\u00b7l\u00e0 i Cala Pregonda, abans de posar rumb a la zona m\u00e9s exigent de la prova amb un desnivell acumulat que arriba fins als 500 metres.<\/p>\n<p>Les platges donen pas als penya-segats, la pista es torna pedra i al corredor li costa no quedar-se fascinat amb les magn\u00edfiques vistes. Ets Alocs, una cala de pedres, i Cala Pilar ofereixen un m\u00ednim descans entre penya-segats i continus puja i baixa, abans d&#8217;entrar en una zona m\u00e9s boscosa i allunyada de la mar que porta fins a la Vall, un conjunt de platges verges des d&#8217;on es d\u00f3na la sortida de la prova dels 21 quil\u00f2metres.<\/p>\n<p>A partir d&#8217;aqu\u00ed, el cam\u00ed torna a alguns dels penya-segats m\u00e9s alts de l&#8217;Illa fins a arribar fins a Cala\u00a0Morell, l&#8217;\u00faltim avituallament i on l&#8217;asfalt comen\u00e7a a guanyar pres\u00e8ncia.<\/p>\n<p>A 12 quil\u00f2metres de la meta es dona la sortida als corredors de la modalitat popular, per a aquells m\u00e9s r\u00e0pids o els que estan comen\u00e7ant a c\u00f3rrer i volen viure una de les carreres m\u00e9s concorregudes del panorama balear.<\/p>\n<p>Els \u00faltims quil\u00f2metres s\u00f3n per asfalt i permeten a aquells que lluiten contra el crono polir les marques i guanyar-li temps al temps i celebrar-lo posteriorment en la meta on espera l&#8217;\u00faltim avituallament amb cervesa, a m\u00e9s d&#8217;isot\u00f2nics i refrescos, aix\u00ed com pizza, i una bona mostra de productes t\u00edpics de la rebosteria menorquina.<\/p>","protected":false},"excerpt":{"rendered":"<p>Els 46 quil\u00f2metres que separen el far de Cavalleria de la l\u00ednia de meta de la Trail dels Fars a Menorca s\u00f3n una aventura per a tots els sentits. Una s\u00e8rie de diferents dist\u00e0ncies dins de la mateixa cursa que tindr\u00e0 lloc el dia 1 de febrer de 2026. No perqu\u00e8 vari\u00ef el recorregut, majorit\u00e0riament [&hellip;]<\/p>\n","protected":false},"author":1,"featured_media":1461,"parent":0,"menu_order":0,"comment_status":"closed","ping_status":"closed","template":"","meta":{"spay_email":"","footnotes":""},"class_list":["post-1526","page","type-page","status-publish","has-post-thumbnail","hentry"],"acf":[],"jetpack-related-posts":[{"id":2528,"url":"https:\/\/illadelstrails.com\/ca\/recorrido-trail-dels-fars\/","url_meta":{"origin":1526,"position":0},"title":"Recorregut","date":"29 December, 2020","format":false,"excerpt":"[vc_row][vc_column][vc_single_image image=\"5587\" img_size=\"full\" css_animation=\"fadeInLeft\"][vc_column_text]Els 46 quil\u00f2metres que separen el far de Cavalleria de la l\u00ednia de meta de la Trail dels Fars a Menorca s\u00f3n una aventura per a tots els sentits. Una s\u00e8rie de diferents dist\u00e0ncies dins de la mateixa cursa. No perqu\u00e8 vari\u00ef el recorregut, majorit\u00e0riament pegat a\u2026","rel":"","context":"Similar post","img":{"alt_text":"","src":"","width":0,"height":0},"classes":[]},{"id":1897,"url":"https:\/\/illadelstrails.com\/ca\/presentacion-october-trail\/","url_meta":{"origin":1526,"position":1},"title":"Presentaci\u00f3","date":"23 December, 2020","format":false,"excerpt":"La October Trail Menorca tindr\u00e0 lloc el 24 d'octubre del 2026, una carrera de trail per la costa sud de Menorca seguint el Cam\u00ed de Cavalls amb les dist\u00e0ncies de 11KM, 19KM i 32KM. L'esdeveniment, amb inici a la urbanitzaci\u00f3 de Son Bou (Alaior), seguir\u00e0 el\u00a0Cam\u00ed\u00a0de\u00a0Cavalls\u00a0fins a la platja de\u00a0Calan\u00a0Bosch\u2026","rel":"","context":"Similar post","img":{"alt_text":"","src":"","width":0,"height":0},"classes":[]},{"id":1908,"url":"https:\/\/illadelstrails.com\/ca\/reglamento-october-trail\/","url_meta":{"origin":1526,"position":2},"title":"Reglament","date":"23 December, 2020","format":false,"excerpt":"L\u2019October Trail Menorca est\u00e0 organitzada per Club Esportiu Biosport Menorca, i coordinat per Elitechip SL i Biosport Menorca. Tots els participants s\u2019han d\u2019afegir obligat\u00f2riament al Canal de Whatsapp \u2013 October Trail 2025. L\u2019enlla\u00e7 s\u2019enviar\u00e0 amb el justificant de l\u2019inscripci\u00f3. Aquest canal servir\u00e0 per emetre Comunicats oficials de cara a la\u2026","rel":"","context":"Similar post","img":{"alt_text":"","src":"","width":0,"height":0},"classes":[]},{"id":1875,"url":"https:\/\/illadelstrails.com\/ca\/carrera-october-trail\/","url_meta":{"origin":1526,"position":3},"title":"Cursa","date":"23 December, 2020","format":false,"excerpt":"[vc_row full_width=\"stretch_row_content_no_spaces\" uniqid=\"5cd01026a5478\"][vc_column][\/vc_column][\/vc_row][vc_row full_width=\"stretch_row\" content_color=\"light\" css=\".vc_custom_1558330186888{padding-top: 85px !important;padding-bottom: 100px !important;}\" uniqid=\"5cd03094e1883\"][vc_column css_animation=\"fadeInLeft\" width=\"1\/2\" parallax=\"\" uniqid=\"5ce272ecf602a\"][vc_single_image image=\"1878\" img_size=\"full\"][\/vc_column][vc_column css_animation=\"fadeInRight\" width=\"1\/2\" parallax=\"\" uniqid=\"5ce272f7bc581\"][\/vc_column][\/vc_row][vc_row full_width=\"stretch_row\" background_parallax=\"on\" background_parallax_speed=\"0.8\" content_color=\"light\" bg_overlay=\"on\" color_overlay=\"\" gradient_overlay=\"\" uniqid=\"5cd122168957c\" background_image=\"1881\" overlay_bottom_offset=\"60\" css=\".vc_custom_1608715827876{padding-top: 30px !important;}\"][vc_column][\/vc_column][\/vc_row][vc_row full_width=\"stretch_row\" content_color=\"light\" bg_overlay=\"\" css=\".vc_custom_1608290197506{padding-top: 40px !important;padding-bottom: 40px !important;}\" uniqid=\"5cd1243cf84a7\"][vc_column][\/vc_column][\/vc_row][vc_row full_width=\"stretch_row\" content_color=\"light\" css=\".vc_custom_1557210858199{padding-bottom: 70px !important;}\" uniqid=\"5cc2c71703dd1\"][vc_column][\/vc_column][\/vc_row][vc_row][vc_column][\/vc_column][\/vc_row]","rel":"","context":"Similar post","img":{"alt_text":"","src":"","width":0,"height":0},"classes":[]},{"id":1902,"url":"https:\/\/illadelstrails.com\/ca\/programa-october-trail\/","url_meta":{"origin":1526,"position":4},"title":"Programa","date":"23 December, 2020","format":false,"excerpt":"Divendres 23 d'octubre de 2026 Recollida de dorsals. Hotel Lago Resort Menorca, en Cala'n Bosch De 16:00 a 21:00 hores Dissabte 24 d'octubre de 2026 8:15 hores\u00a0 Sortida del bus desde el Lago Resort Menorca cap a Son Bou, zona de sortida dels 32KM *. AQUI 8:15 hores Sortida del\u2026","rel":"","context":"Similar post","img":{"alt_text":"","src":"","width":0,"height":0},"classes":[]},{"id":1426,"url":"https:\/\/illadelstrails.com\/ca\/carrera-trail-dels-fars\/","url_meta":{"origin":1526,"position":5},"title":"Cursa","date":"12 December, 2020","format":false,"excerpt":"[vc_row full_width=\"stretch_row_content_no_spaces\" uniqid=\"5cd01026a5478\"][vc_column][\/vc_column][\/vc_row][vc_row full_width=\"stretch_row\" content_color=\"light\" css=\".vc_custom_1558330186888{padding-top: 85px !important;padding-bottom: 100px !important;}\" uniqid=\"5cd03094e1883\"][vc_column css_animation=\"fadeInLeft\" width=\"1\/2\" parallax=\"\" uniqid=\"5ce272ecf602a\"][vc_single_image image=\"3368\" img_size=\"full\"][\/vc_column][vc_column css_animation=\"fadeInRight\" width=\"1\/2\" parallax=\"\" uniqid=\"5ce272f7bc581\"][\/vc_column][\/vc_row][vc_row full_width=\"stretch_row\" background_parallax=\"on\" background_parallax_speed=\"0.8\" content_color=\"light\" bg_overlay=\"on\" color_overlay=\"\" gradient_overlay=\"\" uniqid=\"5cd122168957c\" background_image=\"1445\" overlay_bottom_offset=\"60\" css=\".vc_custom_1608285756968{padding-top: 30px !important;}\"][vc_column][\/vc_column][\/vc_row][vc_row full_width=\"stretch_row\" content_color=\"light\" bg_overlay=\"\" css=\".vc_custom_1608290197506{padding-top: 40px !important;padding-bottom: 40px !important;}\" uniqid=\"5cd1243cf84a7\"][vc_column][\/vc_column][\/vc_row][vc_row full_width=\"stretch_row\" content_color=\"light\" css=\".vc_custom_1557210858199{padding-bottom: 70px !important;}\" uniqid=\"5cc2c71703dd1\"][vc_column][\/vc_column][\/vc_row][vc_row][vc_column][\/vc_column][\/vc_row]","rel":"","context":"Similar post","img":{"alt_text":"","src":"","width":0,"height":0},"classes":[]}],"_links":{"self":[{"href":"https:\/\/illadelstrails.com\/ca\/wp-json\/wp\/v2\/pages\/1526"}],"collection":[{"href":"https:\/\/illadelstrails.com\/ca\/wp-json\/wp\/v2\/pages"}],"about":[{"href":"https:\/\/illadelstrails.com\/ca\/wp-json\/wp\/v2\/types\/page"}],"author":[{"embeddable":true,"href":"https:\/\/illadelstrails.com\/ca\/wp-json\/wp\/v2\/users\/1"}],"replies":[{"embeddable":true,"href":"https:\/\/illadelstrails.com\/ca\/wp-json\/wp\/v2\/comments?post=1526"}],"version-history":[{"count":10,"href":"https:\/\/illadelstrails.com\/ca\/wp-json\/wp\/v2\/pages\/1526\/revisions"}],"predecessor-version":[{"id":6414,"href":"https:\/\/illadelstrails.com\/ca\/wp-json\/wp\/v2\/pages\/1526\/revisions\/6414"}],"wp:featuredmedia":[{"embeddable":true,"href":"https:\/\/illadelstrails.com\/ca\/wp-json\/wp\/v2\/media\/1461"}],"wp:attachment":[{"href":"https:\/\/illadelstrails.com\/ca\/wp-json\/wp\/v2\/media?parent=1526"}],"curies":[{"name":"wp","href":"https:\/\/api.w.org\/{rel}","templated":true}]}}